{"id":84,"date":"2020-09-11T10:45:57","date_gmt":"2020-09-11T08:45:57","guid":{"rendered":"https:\/\/www.saintalbanauriolles.com\/?page_id=84"},"modified":"2020-11-02T14:50:40","modified_gmt":"2020-11-02T13:50:40","slug":"seba","status":"publish","type":"page","link":"https:\/\/www.saintalbanauriolles.com\/index.php\/seba\/","title":{"rendered":"SEBA"},"content":{"rendered":"\n<p><strong>Syndicat des Eaux<br>du Bassin de l\u2019Ard\u00e8che<\/strong><br>La Sigali\u00e8re <br>80 avenue de la R\u00e9publique<br>07110 LARGENTIERE<\/p>\n\n\n\n<p><strong>T\u00e9l\u00e9phone&nbsp;: 04 75 89 96 96<br>T\u00e9l\u00e9copie&nbsp;: 04 75 89 96 97<br><br>SPANC : 04 75 89 96 98<br><br>D\u00e9pannage urgence 24 h\/24 :<br>04.75.89.96.96<\/strong><\/p>\n\n\n\n<p><a rel=\"noreferrer noopener\" href=\"http:\/\/www.seba-eau.fr\/\" target=\"_blank\">Acc\u00e9dez au site internet su SEBA<\/a><\/p>\n\n\n\n<p>Le Syndicat d\u2019Exploitation des R\u00e9seaux d\u2019Eau potable de la Basse-Ard\u00e8che (SEREBA) a \u00e9t\u00e9 cr\u00e9\u00e9, le 9 d\u00e9cembre 1957, en vue d\u2019assurer la gestion et l\u2019exploitation des r\u00e9seaux d\u2019eau potable des Syndicats Intercommunaux de la Plaine de Jal\u00e8s, de Pradons-Chauzon-Balazuc et du Tanargue.<\/p>\n","protected":false},"excerpt":{"rendered":"<p>Syndicat des Eauxdu Bassin de l\u2019Ard\u00e8cheLa Sigali\u00e8re 80 avenue de la R\u00e9publique07110 LARGENTIERE T\u00e9l\u00e9phone&nbsp;: 04 75 89 96 96T\u00e9l\u00e9copie&nbsp;: 04 75 89 96 97 SPANC : 04 75 89 96 98 D\u00e9pannage urgence 24 h\/24 :04.75.89.96.96 Acc\u00e9dez au site internet su SEBA Le Syndicat d\u2019Exploitation des R\u00e9seaux d\u2019Eau potable de&#8230;<\/p>\n<p> <a class=\"continue-reading-link\" href=\"https:\/\/www.saintalbanauriolles.com\/index.php\/seba\/\"><span>Plus<\/span><i class=\"crycon-right-dir\"><\/i><\/a> <\/p>\n","protected":false},"author":1,"featured_media":0,"parent":0,"menu_order":0,"comment_status":"closed","ping_status":"closed","template":"","meta":{"footnotes":""},"class_list":["post-84","page","type-page","status-publish","hentry"],"_links":{"self":[{"href":"https:\/\/www.saintalbanauriolles.com\/index.php\/wp-json\/wp\/v2\/pages\/84","targetHints":{"allow":["GET"]}}],"collection":[{"href":"https:\/\/www.saintalbanauriolles.com\/index.php\/wp-json\/wp\/v2\/pages"}],"about":[{"href":"https:\/\/www.saintalbanauriolles.com\/index.php\/wp-json\/wp\/v2\/types\/page"}],"author":[{"embeddable":true,"href":"https:\/\/www.saintalbanauriolles.com\/index.php\/wp-json\/wp\/v2\/users\/1"}],"replies":[{"embeddable":true,"href":"https:\/\/www.saintalbanauriolles.com\/index.php\/wp-json\/wp\/v2\/comments?post=84"}],"version-history":[{"count":4,"href":"https:\/\/www.saintalbanauriolles.com\/index.php\/wp-json\/wp\/v2\/pages\/84\/revisions"}],"predecessor-version":[{"id":613,"href":"https:\/\/www.saintalbanauriolles.com\/index.php\/wp-json\/wp\/v2\/pages\/84\/revisions\/613"}],"wp:attachment":[{"href":"https:\/\/www.saintalbanauriolles.com\/index.php\/wp-json\/wp\/v2\/media?parent=84"}],"curies":[{"name":"wp","href":"https:\/\/api.w.org\/{rel}","templated":true}]}}