{"id":80,"date":"2020-09-11T10:41:39","date_gmt":"2020-09-11T08:41:39","guid":{"rendered":"https:\/\/www.saintalbanauriolles.com\/?page_id=80"},"modified":"2024-05-29T16:06:25","modified_gmt":"2024-05-29T14:06:25","slug":"sictoba","status":"publish","type":"page","link":"https:\/\/www.saintalbanauriolles.com\/index.php\/sictoba\/","title":{"rendered":"SICTOBA"},"content":{"rendered":"\n<p>SICTOBA-Syndicat Intercommunal de Collecte et de Traitement des Ordures de la Basse Ard\u00e8che<br>665 Route de Berrias<br>07460 Beaulieu <br>Tel: <a href=\"https:\/\/www.google.com\/search?client=firefox-b-d&amp;q=Sictoba#\"><span class=\"has-inline-color has-black-color\">04 75 39 06 99<\/span><\/a><\/p>\n\n\n\n<p>Horaires d&rsquo;ouvertures:<\/p>\n\n\n\n<p><a href=\"https:\/\/www.sictoba.fr\/\">https:\/\/www.sictoba.fr\/<\/a><\/p>\n\n\n\n<p>Le Syndicat Intercommunal de Collecte et de Traitement des Ordures de la Basse Ard\u00e8che (SICTOBA) assure la comp\u00e9tence traitement des d\u00e9chets m\u00e9nagers de 56 communes r\u00e9parties au sein de 4 communaut\u00e9s de communes adh\u00e9rentes.<\/p>\n\n\n\n<p>Le SICTOBA a mis en place la collecte s\u00e9lective conform\u00e9ment \u00e0 la r\u00e9glementation en vigueur (loi du 13 juillet 1992). <\/p>\n\n\n\n<p>L\u2019objectif est de pr\u00e9server notre environnement en limitant la quantit\u00e9 de d\u00e9chets enfouis ou incin\u00e9r\u00e9s. Elle exige que seuls les d\u00e9chets ultimes (non recyclables dans les conditions techniques et \u00e9conomiques du moment) soient mis en d\u00e9charge, ou incin\u00e9r\u00e9s.<\/p>\n\n\n\n<p>Sur le territoire du SICTOBA, des \u00e9quipements destin\u00e9s au tri du verre, des papiers, des emballages et des d\u00e9chets compostables ont \u00e9t\u00e9 mis en place. En triant mes d\u00e9chets&nbsp;:<br><img loading=\"lazy\" decoding=\"async\" src=\"https:\/\/www.sictoba.fr\/local\/cache-vignettes\/L10xH11\/puce-166ba.gif\" alt=\"-\" class=\"\" width=\"10\" height=\"11\">&nbsp;Je m\u00e9nage mon porte-monnaie&nbsp;: la collecte s\u00e9lective a, certes, un co\u00fbt \u00e9lev\u00e9 mais les normes de traitement des d\u00e9chets non recyclables sont de plus en plus strictes, ce qui induit des co\u00fbts de traitement de plus en plus \u00e9lev\u00e9s.<br><img loading=\"lazy\" decoding=\"async\" src=\"https:\/\/www.sictoba.fr\/local\/cache-vignettes\/L10xH11\/puce-166ba.gif\" alt=\"-\" class=\"\" width=\"10\" height=\"11\">&nbsp;Je prot\u00e8ge nos r\u00e9serves de ressources naturelles en diminuant la quantit\u00e9 de mati\u00e8res premi\u00e8res utilis\u00e9es \u00e0 la fabrication de nouveaux objets.<br><img loading=\"lazy\" decoding=\"async\" src=\"https:\/\/www.sictoba.fr\/local\/cache-vignettes\/L10xH11\/puce-166ba.gif\" alt=\"-\" class=\"\" width=\"10\" height=\"11\">&nbsp;Je pr\u00e9serve notre qualit\u00e9 de vie en limitant l\u2019espace gaspill\u00e9 attribu\u00e9 au stockage des d\u00e9chets.<br><img loading=\"lazy\" decoding=\"async\" src=\"https:\/\/www.sictoba.fr\/local\/cache-vignettes\/L10xH11\/puce-166ba.gif\" alt=\"-\" class=\"\" width=\"10\" height=\"11\">&nbsp;Je participe \u00e0 une action citoyenne.<\/p>\n\n\n\n<p><br><\/p>\n","protected":false},"excerpt":{"rendered":"<p>SICTOBA-Syndicat Intercommunal de Collecte et de Traitement des Ordures de la Basse Ard\u00e8che665 Route de Berrias07460 Beaulieu Tel: 04 75 39 06 99 Horaires d&rsquo;ouvertures: https:\/\/www.sictoba.fr\/ Le Syndicat Intercommunal de Collecte et de Traitement des Ordures de la Basse Ard\u00e8che (SICTOBA) assure la comp\u00e9tence traitement des d\u00e9chets m\u00e9nagers de 56&#8230;<\/p>\n<p> <a class=\"continue-reading-link\" href=\"https:\/\/www.saintalbanauriolles.com\/index.php\/sictoba\/\"><span>Plus<\/span><i class=\"crycon-right-dir\"><\/i><\/a> <\/p>\n","protected":false},"author":1,"featured_media":0,"parent":0,"menu_order":0,"comment_status":"closed","ping_status":"closed","template":"","meta":{"footnotes":""},"class_list":["post-80","page","type-page","status-publish","hentry"],"_links":{"self":[{"href":"https:\/\/www.saintalbanauriolles.com\/index.php\/wp-json\/wp\/v2\/pages\/80","targetHints":{"allow":["GET"]}}],"collection":[{"href":"https:\/\/www.saintalbanauriolles.com\/index.php\/wp-json\/wp\/v2\/pages"}],"about":[{"href":"https:\/\/www.saintalbanauriolles.com\/index.php\/wp-json\/wp\/v2\/types\/page"}],"author":[{"embeddable":true,"href":"https:\/\/www.saintalbanauriolles.com\/index.php\/wp-json\/wp\/v2\/users\/1"}],"replies":[{"embeddable":true,"href":"https:\/\/www.saintalbanauriolles.com\/index.php\/wp-json\/wp\/v2\/comments?post=80"}],"version-history":[{"count":8,"href":"https:\/\/www.saintalbanauriolles.com\/index.php\/wp-json\/wp\/v2\/pages\/80\/revisions"}],"predecessor-version":[{"id":3956,"href":"https:\/\/www.saintalbanauriolles.com\/index.php\/wp-json\/wp\/v2\/pages\/80\/revisions\/3956"}],"wp:attachment":[{"href":"https:\/\/www.saintalbanauriolles.com\/index.php\/wp-json\/wp\/v2\/media?parent=80"}],"curies":[{"name":"wp","href":"https:\/\/api.w.org\/{rel}","templated":true}]}}