{"id":759,"date":"2020-12-08T13:53:43","date_gmt":"2020-12-08T12:53:43","guid":{"rendered":"https:\/\/www.saintalbanauriolles.com\/?page_id=759"},"modified":"2020-12-08T13:53:43","modified_gmt":"2020-12-08T12:53:43","slug":"debroussaillement-obligatoire","status":"publish","type":"page","link":"https:\/\/www.saintalbanauriolles.com\/index.php\/debroussaillement-obligatoire\/","title":{"rendered":"D\u00e9broussaillement obligatoire"},"content":{"rendered":"\n<p>En Ard\u00e8che, le d\u00e9broussaillement autour des habitations est obligatoire (Article L.134-6 du Code Forestier). <br>D\u00e9broussailler permet d&rsquo;assurer votre protection et celle de vos biens en cas d\u2019incendie \u00e0 proximit\u00e9 de votre propri\u00e9t\u00e9.<\/p>\n\n\n\n<p><a rel=\"noreferrer noopener\" href=\"https:\/\/www.saintalbanauriolles.com\/wp-content\/uploads\/2020\/12\/Depliant_Debroussaillement_cle1ec2c9-1.pdf\" target=\"_blank\">Brochure d&rsquo;information sur le d\u00e9broussaillement<\/a><\/p>\n\n\n\n<p><a href=\"https:\/\/www.saintalbanauriolles.com\/wp-content\/uploads\/2020\/12\/Guide_emploi_du_feu_et_debroussaillement_haute_resol-pdf_cle1274ac-1.pdf\" target=\"_blank\" rel=\"noreferrer noopener\">Guide emploi du feu et d\u00e9broussaillement<\/a><\/p>\n\n\n\n<div class=\"wp-block-image\"><figure class=\"alignleft size-large is-resized\"><img loading=\"lazy\" decoding=\"async\" src=\"https:\/\/www.saintalbanauriolles.com\/wp-content\/uploads\/2020\/12\/image.png\" alt=\"\" class=\"wp-image-760\" width=\"576\" height=\"492\" srcset=\"https:\/\/www.saintalbanauriolles.com\/wp-content\/uploads\/2020\/12\/image.png 514w, https:\/\/www.saintalbanauriolles.com\/wp-content\/uploads\/2020\/12\/image-300x256.png 300w, https:\/\/www.saintalbanauriolles.com\/wp-content\/uploads\/2020\/12\/image-150x128.png 150w\" sizes=\"auto, (max-width: 576px) 100vw, 576px\" \/><\/figure><\/div>\n\n\n\n<p><\/p>\n\n\n\n<div class=\"wp-block-image\"><figure class=\"alignleft size-large is-resized\"><img loading=\"lazy\" decoding=\"async\" src=\"https:\/\/www.saintalbanauriolles.com\/wp-content\/uploads\/2020\/12\/image-1.png\" alt=\"\" class=\"wp-image-761\" width=\"600\" height=\"620\" srcset=\"https:\/\/www.saintalbanauriolles.com\/wp-content\/uploads\/2020\/12\/image-1.png 462w, https:\/\/www.saintalbanauriolles.com\/wp-content\/uploads\/2020\/12\/image-1-291x300.png 291w, https:\/\/www.saintalbanauriolles.com\/wp-content\/uploads\/2020\/12\/image-1-145x150.png 145w\" sizes=\"auto, (max-width: 600px) 100vw, 600px\" \/><\/figure><\/div>\n","protected":false},"excerpt":{"rendered":"<p>En Ard\u00e8che, le d\u00e9broussaillement autour des habitations est obligatoire (Article L.134-6 du Code Forestier). D\u00e9broussailler permet d&rsquo;assurer votre protection et celle de vos biens en cas d\u2019incendie \u00e0 proximit\u00e9 de votre propri\u00e9t\u00e9. Brochure d&rsquo;information sur le d\u00e9broussaillement Guide emploi du feu et d\u00e9broussaillement<\/p>\n<p> <a class=\"continue-reading-link\" href=\"https:\/\/www.saintalbanauriolles.com\/index.php\/debroussaillement-obligatoire\/\"><span>Plus<\/span><i class=\"crycon-right-dir\"><\/i><\/a> <\/p>\n","protected":false},"author":1,"featured_media":0,"parent":0,"menu_order":0,"comment_status":"closed","ping_status":"closed","template":"","meta":{"footnotes":""},"class_list":["post-759","page","type-page","status-publish","hentry"],"_links":{"self":[{"href":"https:\/\/www.saintalbanauriolles.com\/index.php\/wp-json\/wp\/v2\/pages\/759","targetHints":{"allow":["GET"]}}],"collection":[{"href":"https:\/\/www.saintalbanauriolles.com\/index.php\/wp-json\/wp\/v2\/pages"}],"about":[{"href":"https:\/\/www.saintalbanauriolles.com\/index.php\/wp-json\/wp\/v2\/types\/page"}],"author":[{"embeddable":true,"href":"https:\/\/www.saintalbanauriolles.com\/index.php\/wp-json\/wp\/v2\/users\/1"}],"replies":[{"embeddable":true,"href":"https:\/\/www.saintalbanauriolles.com\/index.php\/wp-json\/wp\/v2\/comments?post=759"}],"version-history":[{"count":3,"href":"https:\/\/www.saintalbanauriolles.com\/index.php\/wp-json\/wp\/v2\/pages\/759\/revisions"}],"predecessor-version":[{"id":766,"href":"https:\/\/www.saintalbanauriolles.com\/index.php\/wp-json\/wp\/v2\/pages\/759\/revisions\/766"}],"wp:attachment":[{"href":"https:\/\/www.saintalbanauriolles.com\/index.php\/wp-json\/wp\/v2\/media?parent=759"}],"curies":[{"name":"wp","href":"https:\/\/api.w.org\/{rel}","templated":true}]}}