{"id":700,"date":"2020-11-18T14:15:19","date_gmt":"2020-11-18T13:15:19","guid":{"rendered":"https:\/\/www.saintalbanauriolles.com\/?page_id=700"},"modified":"2020-11-18T14:15:19","modified_gmt":"2020-11-18T13:15:19","slug":"ferme-equestre-chavetourte","status":"publish","type":"page","link":"https:\/\/www.saintalbanauriolles.com\/index.php\/ferme-equestre-chavetourte\/","title":{"rendered":"Ferme \u00e9questre Chavetourte"},"content":{"rendered":"\n<p>La Ferme \u00c9questre vous accueille du 1er avril (ou \u00e0 P\u00e2ques si avant le 01\/04) \u00e0 la Toussaint.<\/p>\n\n\n\n<p>Situation exceptionnelle en <strong>Ard\u00e8che<\/strong> plein sud, dominant les gorges de Labeaume, la vall\u00e9e de l\u2019Ard\u00e8che et du Chassezac, la ferme \u00e9questre est une ancienne magnanerie du 16\u00e8me si\u00e8cle, situ\u00e9e \u00e0 500 m\u00e8tres du village de caract\u00e8re de Labeaume, \u00e0 3 km de Ruoms et \u00e0 12 km de Vallon Pont d\u2019Arc.<br><br>Jacques TALAGRAND et son \u00e9quipe vous attendent pour vous faire d\u00e9couvrir l\u2019<strong>Ard\u00e8che \u00e0 cheval<\/strong> en toute s\u00e9curit\u00e9 gr\u00e2ce \u00e0 une cavalerie adapt\u00e9e \u00e0 tous les niveaux, aux plus jeunes comme aux plus grands.<\/p>\n\n\n\n<p>Pour toutes informations, rendez vous <a rel=\"noreferrer noopener\" href=\"http:\/\/www.equitation-ardeche.fr\/\" target=\"_blank\">ICI<\/a><\/p>\n\n\n\n<figure class=\"wp-block-image size-large is-resized\"><img loading=\"lazy\" decoding=\"async\" src=\"https:\/\/www.saintalbanauriolles.com\/wp-content\/uploads\/2020\/11\/Capture-decran-2020-11-18-141357.jpg\" alt=\"\" class=\"wp-image-701\" width=\"664\" height=\"439\" srcset=\"https:\/\/www.saintalbanauriolles.com\/wp-content\/uploads\/2020\/11\/Capture-decran-2020-11-18-141357.jpg 747w, https:\/\/www.saintalbanauriolles.com\/wp-content\/uploads\/2020\/11\/Capture-decran-2020-11-18-141357-300x198.jpg 300w, https:\/\/www.saintalbanauriolles.com\/wp-content\/uploads\/2020\/11\/Capture-decran-2020-11-18-141357-150x99.jpg 150w\" sizes=\"auto, (max-width: 664px) 100vw, 664px\" \/><\/figure>\n","protected":false},"excerpt":{"rendered":"<p>La Ferme \u00c9questre vous accueille du 1er avril (ou \u00e0 P\u00e2ques si avant le 01\/04) \u00e0 la Toussaint. Situation exceptionnelle en Ard\u00e8che plein sud, dominant les gorges de Labeaume, la vall\u00e9e de l\u2019Ard\u00e8che et du Chassezac, la ferme \u00e9questre est une ancienne magnanerie du 16\u00e8me si\u00e8cle, situ\u00e9e \u00e0 500 m\u00e8tres&#8230;<\/p>\n<p> <a class=\"continue-reading-link\" href=\"https:\/\/www.saintalbanauriolles.com\/index.php\/ferme-equestre-chavetourte\/\"><span>Plus<\/span><i class=\"crycon-right-dir\"><\/i><\/a> <\/p>\n","protected":false},"author":1,"featured_media":0,"parent":0,"menu_order":0,"comment_status":"closed","ping_status":"closed","template":"","meta":{"footnotes":""},"class_list":["post-700","page","type-page","status-publish","hentry"],"_links":{"self":[{"href":"https:\/\/www.saintalbanauriolles.com\/index.php\/wp-json\/wp\/v2\/pages\/700","targetHints":{"allow":["GET"]}}],"collection":[{"href":"https:\/\/www.saintalbanauriolles.com\/index.php\/wp-json\/wp\/v2\/pages"}],"about":[{"href":"https:\/\/www.saintalbanauriolles.com\/index.php\/wp-json\/wp\/v2\/types\/page"}],"author":[{"embeddable":true,"href":"https:\/\/www.saintalbanauriolles.com\/index.php\/wp-json\/wp\/v2\/users\/1"}],"replies":[{"embeddable":true,"href":"https:\/\/www.saintalbanauriolles.com\/index.php\/wp-json\/wp\/v2\/comments?post=700"}],"version-history":[{"count":1,"href":"https:\/\/www.saintalbanauriolles.com\/index.php\/wp-json\/wp\/v2\/pages\/700\/revisions"}],"predecessor-version":[{"id":702,"href":"https:\/\/www.saintalbanauriolles.com\/index.php\/wp-json\/wp\/v2\/pages\/700\/revisions\/702"}],"wp:attachment":[{"href":"https:\/\/www.saintalbanauriolles.com\/index.php\/wp-json\/wp\/v2\/media?parent=700"}],"curies":[{"name":"wp","href":"https:\/\/api.w.org\/{rel}","templated":true}]}}