{"id":482,"date":"2020-10-12T14:13:24","date_gmt":"2020-10-12T12:13:24","guid":{"rendered":"https:\/\/www.saintalbanauriolles.com\/?page_id=482"},"modified":"2020-10-12T14:13:24","modified_gmt":"2020-10-12T12:13:24","slug":"acte-de-mariage","status":"publish","type":"page","link":"https:\/\/www.saintalbanauriolles.com\/index.php\/acte-de-mariage\/","title":{"rendered":"Acte de mariage"},"content":{"rendered":"\n<p>Un acte de mariage peut donner lieu \u00e0 la d\u00e9livrance de 3 documents diff\u00e9rents : la copie int\u00e9grale, l&rsquo;extrait avec filiation et l&rsquo;extrait sans filiation. Les conditions de d\u00e9livrance d\u00e9pendent de la nature du document que vous demandez. Les d\u00e9marches pour l&rsquo;obtenir varient en fonction du lieu du mariage.<\/p>\n\n\n\n<p>La copie int\u00e9grale reproduit int\u00e9gralement les informations figurant dans l&rsquo;acte de mariage inscrit sur le registre d&rsquo;\u00e9tat civil.<\/p>\n\n\n\n<p>Elle comporte notamment des informations&nbsp;:<\/p>\n\n\n\n<ul class=\"wp-block-list\"><li>sur chaque \u00e9poux (nom, pr\u00e9noms, date et lieu de naissance),<\/li><li>des informations sur leurs parents (identit\u00e9, profession et domicile),<\/li><li>et les <a href=\"https:\/\/www.service-public.fr\/particuliers\/vosdroits\/F1429\">mentions marginales<\/a> lorsqu&rsquo;elles existent.<\/li><\/ul>\n\n\n\n<p>La possibilit\u00e9 d&rsquo;obtenir une copie ou un extrait d&rsquo;acte de mariage d\u00e9pend du type de document demand\u00e9 et la qualit\u00e9 du demandeur.<\/p>\n\n\n\n<p>Vous pouvez obtenir une copie int\u00e9grale d&rsquo;acte de mariage si vous \u00eates&nbsp;:<\/p>\n\n\n\n<ul class=\"wp-block-list\"><li>l&rsquo;un des \u00e9poux,<\/li><li>un ascendant (parent, grand-parent) des \u00e9poux,<\/li><li>un descendant (enfant, petits-enfant) majeur des \u00e9poux,<\/li><li>un professionnel autoris\u00e9 habilit\u00e9 \u00e0 le faire (avocats, pour le compte de leur client par exemple).<\/li><\/ul>\n\n\n\n<p>Vous devez faire la demande aupr\u00e8s de la <strong>mairie du lieu du mariage<\/strong>.<\/p>\n\n\n\n<p><a rel=\"noreferrer noopener\" href=\"https:\/\/psl.service-public.fr\/mademarche\/EtatCivil\/demarche?execution=e1s1\" target=\"_blank\">Faire une demande d&rsquo;acte de mariage<\/a><\/p>\n\n\n\n<p>Si l&rsquo;acte est demand\u00e9 sur place, il est d\u00e9livr\u00e9 imm\u00e9diatement.<\/p>\n\n\n\n<p>Si l&rsquo;acte est demand\u00e9 par internet ou par courrier, il est envoy\u00e9 au domicile du demandeur en quelques jours.<\/p>\n\n\n\n<p>Le d\u00e9lai d&rsquo;obtention peut cependant varier en fonction du traitement par les services de la mairie et du d\u00e9lai d&rsquo;acheminement du courrier.<\/p>\n\n\n\n<p>Ce service est gratuit<\/p>\n","protected":false},"excerpt":{"rendered":"<p>Un acte de mariage peut donner lieu \u00e0 la d\u00e9livrance de 3 documents diff\u00e9rents : la copie int\u00e9grale, l&rsquo;extrait avec filiation et l&rsquo;extrait sans filiation. Les conditions de d\u00e9livrance d\u00e9pendent de la nature du document que vous demandez. Les d\u00e9marches pour l&rsquo;obtenir varient en fonction du lieu du mariage. La&#8230;<\/p>\n<p> <a class=\"continue-reading-link\" href=\"https:\/\/www.saintalbanauriolles.com\/index.php\/acte-de-mariage\/\"><span>Plus<\/span><i class=\"crycon-right-dir\"><\/i><\/a> <\/p>\n","protected":false},"author":1,"featured_media":0,"parent":0,"menu_order":0,"comment_status":"closed","ping_status":"closed","template":"","meta":{"footnotes":""},"class_list":["post-482","page","type-page","status-publish","hentry"],"_links":{"self":[{"href":"https:\/\/www.saintalbanauriolles.com\/index.php\/wp-json\/wp\/v2\/pages\/482","targetHints":{"allow":["GET"]}}],"collection":[{"href":"https:\/\/www.saintalbanauriolles.com\/index.php\/wp-json\/wp\/v2\/pages"}],"about":[{"href":"https:\/\/www.saintalbanauriolles.com\/index.php\/wp-json\/wp\/v2\/types\/page"}],"author":[{"embeddable":true,"href":"https:\/\/www.saintalbanauriolles.com\/index.php\/wp-json\/wp\/v2\/users\/1"}],"replies":[{"embeddable":true,"href":"https:\/\/www.saintalbanauriolles.com\/index.php\/wp-json\/wp\/v2\/comments?post=482"}],"version-history":[{"count":1,"href":"https:\/\/www.saintalbanauriolles.com\/index.php\/wp-json\/wp\/v2\/pages\/482\/revisions"}],"predecessor-version":[{"id":483,"href":"https:\/\/www.saintalbanauriolles.com\/index.php\/wp-json\/wp\/v2\/pages\/482\/revisions\/483"}],"wp:attachment":[{"href":"https:\/\/www.saintalbanauriolles.com\/index.php\/wp-json\/wp\/v2\/media?parent=482"}],"curies":[{"name":"wp","href":"https:\/\/api.w.org\/{rel}","templated":true}]}}