{"id":478,"date":"2020-10-12T13:32:53","date_gmt":"2020-10-12T11:32:53","guid":{"rendered":"https:\/\/www.saintalbanauriolles.com\/?page_id=478"},"modified":"2026-03-28T14:46:51","modified_gmt":"2026-03-28T13:46:51","slug":"compte-rendus-des-conseils-municipaux","status":"publish","type":"page","link":"https:\/\/www.saintalbanauriolles.com\/index.php\/compte-rendus-des-conseils-municipaux\/","title":{"rendered":"Listes des d\u00e9lib\u00e9rations des conseils municipaux"},"content":{"rendered":"\n<p><a href=\"https:\/\/www.saintalbanauriolles.com\/wp-content\/uploads\/2026\/03\/doc09008520260325130028.pdf\">Liste des d\u00e9lib\u00e9rations de la s\u00e9ance du 22 mars 2026<\/a><\/p>\n\n\n\n<p><a href=\"https:\/\/www.saintalbanauriolles.com\/wp-content\/uploads\/2026\/02\/liste-des-deliberations-29-01-2026.pdf\" target=\"_blank\" rel=\"noreferrer noopener\">Liste des d\u00e9lib\u00e9rations de la s\u00e9ance du 29 janvier 2026<\/a><\/p>\n\n\n\n<p><a href=\"https:\/\/www.saintalbanauriolles.com\/wp-content\/uploads\/2025\/11\/liste-des-deliberations-du-CM-20-11-2025.pdf\">Liste des d\u00e9lib\u00e9rations de la s\u00e9ance du 20 novembre 2025<\/a><\/p>\n\n\n\n<p><a href=\"https:\/\/www.saintalbanauriolles.com\/wp-content\/uploads\/2025\/09\/Liste-des-deliberations-du-CM-du-18-09-2025.pdf\" target=\"_blank\" rel=\"noreferrer noopener\">Liste des d\u00e9lib\u00e9rations de la s\u00e9ance du 18 septembre 2025<\/a><\/p>\n\n\n\n<p><a href=\"https:\/\/www.saintalbanauriolles.com\/wp-content\/uploads\/2025\/08\/liste-des-deliberations-conseil-municipal-04-07-2025.pdf\">Liste des d\u00e9lib\u00e9rations de la s\u00e9ance du 3 juillet 2025<\/a><\/p>\n\n\n\n<p><a href=\"https:\/\/www.saintalbanauriolles.com\/wp-content\/uploads\/2025\/04\/UTF-8liste-des-delib-cm-14-04-2025.pdf\" target=\"_blank\" rel=\"noreferrer noopener\">Liste des d\u00e9lib\u00e9rations de la s\u00e9ance du 14 avril 2025<\/a><\/p>\n\n\n\n<p><a href=\"https:\/\/www.saintalbanauriolles.com\/wp-content\/uploads\/2025\/01\/liste-deliberation-cm-22-01-2025.pdf\" target=\"_blank\" rel=\"noreferrer noopener\">Liste des d\u00e9lib\u00e9rations de la s\u00e9ance du 22 janvier 2025<\/a><\/p>\n\n\n\n<p><a href=\"https:\/\/www.saintalbanauriolles.com\/wp-content\/uploads\/2024\/12\/liste-des-deliberations-CM-09-12-2024.pdf\" target=\"_blank\" rel=\"noreferrer noopener\">Liste des d\u00e9lib\u00e9rations de la s\u00e9ance du 9 d\u00e9cembre 2024<\/a><\/p>\n\n\n\n<p><a href=\"https:\/\/www.saintalbanauriolles.com\/wp-content\/uploads\/2024\/09\/liste-des-deliberations-CM25-09-2024.pdf\" target=\"_blank\" rel=\"noreferrer noopener\">Liste des d\u00e9lib\u00e9rations de la s\u00e9ance du 25 septembre 2024<\/a><\/p>\n\n\n\n<p><a href=\"https:\/\/www.saintalbanauriolles.com\/wp-content\/uploads\/2024\/07\/liste-delib-11-juillet-2024.pdf\" target=\"_blank\" rel=\"noreferrer noopener\">Liste des d\u00e9lib\u00e9rations de la s\u00e9ance du 11 juillet 2024<\/a><\/p>\n\n\n\n<p><a rel=\"noreferrer noopener\" href=\"https:\/\/www.saintalbanauriolles.com\/wp-content\/uploads\/2024\/04\/LISTE-DES-DELIBERATIONS-11-04-2024.pdf\" target=\"_blank\">Liste des d\u00e9lib\u00e9rations de la s\u00e9ance du 11 avril 2024<\/a><\/p>\n\n\n\n<p><a href=\"https:\/\/www.saintalbanauriolles.com\/wp-content\/uploads\/2024\/02\/liste-des-deliberations-15-02-2024.pdf\" target=\"_blank\" rel=\"noreferrer noopener\">Liste des d\u00e9lib\u00e9rations de la s\u00e9ance du 15 f\u00e9vrier 2024<\/a><\/p>\n\n\n\n<p><a href=\"https:\/\/www.saintalbanauriolles.com\/wp-content\/uploads\/2023\/12\/Liste-des-deliberations-du-30-11-2023.pdf\" target=\"_blank\" rel=\"noreferrer noopener\">Liste des d\u00e9lib\u00e9rations de la s\u00e9ance du 30 novembre 2023<\/a><\/p>\n\n\n\n<p><a href=\"https:\/\/www.saintalbanauriolles.com\/wp-content\/uploads\/2023\/09\/liste-des-deliberations-19-09-2023.pdf\" target=\"_blank\" rel=\"noreferrer noopener\">Liste des d\u00e9lib\u00e9rations de la s\u00e9ance du 19 septembre 2023<\/a><\/p>\n\n\n\n<p><a href=\"https:\/\/www.saintalbanauriolles.com\/wp-content\/uploads\/2023\/06\/liste-des-deliberations-CM-du-21-06-2023.pdf\" target=\"_blank\" rel=\"noreferrer noopener\">Liste des d\u00e9lib\u00e9rations de la s\u00e9ance du 21 juin 2023<\/a><\/p>\n\n\n\n<p><a rel=\"noreferrer noopener\" href=\"https:\/\/www.saintalbanauriolles.com\/wp-content\/uploads\/2023\/04\/liste-des-deliberations-CM-13-04-20234826.pdf\" target=\"_blank\">Liste des d\u00e9lib\u00e9rations de la s\u00e9ance du 13 avril 2023<\/a> <\/p>\n\n\n\n<p><a href=\"https:\/\/www.saintalbanauriolles.com\/wp-content\/uploads\/2023\/04\/liste-des-deliberations-23-03-20234621.pdf\" target=\"_blank\" rel=\"noreferrer noopener\">Liste des d\u00e9lib\u00e9rations de la s\u00e9ance du 23 mars 2023<\/a><\/p>\n\n\n\n<p><a rel=\"noreferrer noopener\" href=\"https:\/\/www.saintalbanauriolles.com\/wp-content\/uploads\/2023\/03\/liste-des-deliberations-08-03-20234367.pdf\" target=\"_blank\">Liste des d\u00e9lib\u00e9rations de la s\u00e9ance du 8 mars 2023<\/a><\/p>\n\n\n\n<p><a rel=\"noreferrer noopener\" href=\"https:\/\/www.saintalbanauriolles.com\/wp-content\/uploads\/2023\/01\/doc02595620221219095849.pdf\" target=\"_blank\">Liste des d\u00e9lib\u00e9rations de la s\u00e9ance du 14 d\u00e9cembre 2022<\/a><\/p>\n\n\n\n<p><a rel=\"noreferrer noopener\" href=\"https:\/\/www.saintalbanauriolles.com\/wp-content\/uploads\/2022\/11\/Liste-des-deliberations-25-10-2022.pdf\" target=\"_blank\">Liste des d\u00e9lib\u00e9rations de la s\u00e9ance du 25 octobre 2022<\/a><\/p>\n\n\n\n<p><a rel=\"noreferrer noopener\" href=\"https:\/\/www.saintalbanauriolles.com\/wp-content\/uploads\/2022\/08\/liste-des-deliberations-25-08-20223181.pdf\" target=\"_blank\">Liste des d\u00e9lib\u00e9rations de la s\u00e9ance du 25 aout 2022<\/a><\/p>\n\n\n\n<p><em><strong>A partir du 01\/07\/2022, le compte-rendu de la s\u00e9ance du conseil municipal n&rsquo;existe plus. Il est remplac\u00e9 par la liste des d\u00e9lib\u00e9rations<\/strong><\/em><\/p>\n\n\n\n<p><a rel=\"noreferrer noopener\" href=\"https:\/\/www.saintalbanauriolles.com\/wp-content\/uploads\/2022\/07\/CM1506.pdf\" target=\"_blank\">Compte rendu de la s\u00e9ance du 15 juin 2022<\/a><\/p>\n\n\n\n<p><a rel=\"noreferrer noopener\" href=\"https:\/\/www.saintalbanauriolles.com\/wp-content\/uploads\/2022\/07\/CM1404.pdf\" target=\"_blank\">Compte rendu de la s\u00e9ance du 14 avril 2022<\/a><\/p>\n\n\n\n<p><a rel=\"noreferrer noopener\" href=\"https:\/\/www.saintalbanauriolles.com\/wp-content\/uploads\/2022\/07\/CM0604.pdf\" target=\"_blank\">Compte rendu de la s\u00e9ance du 6 avril 2022<\/a><\/p>\n\n\n\n<p><a rel=\"noreferrer noopener\" href=\"https:\/\/www.saintalbanauriolles.com\/wp-content\/uploads\/2022\/07\/CM1102.pdf\" target=\"_blank\">Compte rendu de la s\u00e9ance du 11 <\/a><a href=\"https:\/\/www.saintalbanauriolles.com\/wp-content\/uploads\/2022\/07\/CM1102.pdf\" target=\"_blank\" rel=\"noreferrer noopener\">F<\/a><a rel=\"noreferrer noopener\" href=\"https:\/\/www.saintalbanauriolles.com\/wp-content\/uploads\/2022\/07\/CM1102.pdf\" target=\"_blank\">\u00e9vrier 2022<\/a><\/p>\n\n\n\n<p><a rel=\"noreferrer noopener\" href=\"https:\/\/www.saintalbanauriolles.com\/wp-content\/uploads\/2021\/04\/compte-rendu-15-04-2021.pdf\" target=\"_blank\">Compte rendu de la s\u00e9ance du 15 avril 2021<\/a><\/p>\n\n\n\n<p><a href=\"https:\/\/www.saintalbanauriolles.com\/wp-content\/uploads\/2021\/02\/compte-rendu-10-02-2021.pdf\">Compte rendu de la s\u00e9ance du 10 f\u00e9vrier 2021<\/a><\/p>\n\n\n\n<p><a rel=\"noreferrer noopener\" href=\"https:\/\/www.saintalbanauriolles.com\/wp-content\/uploads\/2020\/12\/compte-rendu-25-11-20203989.pdf\" target=\"_blank\">Compte rendu de la s\u00e9ance du 25 novembre 2020 <\/a><\/p>\n\n\n\n<p><a rel=\"noreferrer noopener\" href=\"https:\/\/www.saintalbanauriolles.com\/wp-content\/uploads\/2021\/01\/CR_2020_10_05.pdf\" target=\"_blank\">Compte rendu de la s\u00e9ance du 5 octobre 2020<\/a><\/p>\n\n\n\n<p><a rel=\"noreferrer noopener\" href=\"https:\/\/www.saintalbanauriolles.com\/wp-content\/uploads\/2021\/02\/CR_2020_07_30.pdf\" target=\"_blank\">Compte rendu du de la s\u00e9ance du 30 juillet 2020<\/a><\/p>\n\n\n\n<p><a rel=\"noreferrer noopener\" href=\"https:\/\/www.saintalbanauriolles.com\/wp-content\/uploads\/2021\/01\/CR_2020_07_10.pdf\" target=\"_blank\">Compte rendu de la s\u00e9ance du 10 juillet 2020<\/a><\/p>\n\n\n\n<p><a rel=\"noreferrer noopener\" href=\"https:\/\/www.saintalbanauriolles.com\/wp-content\/uploads\/2021\/01\/CR_2020_06_10.pdf\" target=\"_blank\">Compte rendu de la s\u00e9ance du 10 juin 2020<\/a><\/p>\n\n\n\n<p><a rel=\"noreferrer noopener\" href=\"https:\/\/www.saintalbanauriolles.com\/wp-content\/uploads\/2021\/01\/CR_2020_05_28.pdf\" target=\"_blank\">Compte rendu de la s\u00e9ance du 28 mai 2020<\/a><\/p>\n\n\n\n<p><\/p>\n","protected":false},"excerpt":{"rendered":"<p>Liste des d\u00e9lib\u00e9rations de la s\u00e9ance du 22 mars 2026 Liste des d\u00e9lib\u00e9rations de la s\u00e9ance du 29 janvier 2026 Liste des d\u00e9lib\u00e9rations de la s\u00e9ance du 20 novembre 2025 Liste des d\u00e9lib\u00e9rations de la s\u00e9ance du 18 septembre 2025 Liste des d\u00e9lib\u00e9rations de la s\u00e9ance du 3 juillet 2025&#8230;<\/p>\n<p> <a class=\"continue-reading-link\" href=\"https:\/\/www.saintalbanauriolles.com\/index.php\/compte-rendus-des-conseils-municipaux\/\"><span>Plus<\/span><i class=\"crycon-right-dir\"><\/i><\/a> <\/p>\n","protected":false},"author":1,"featured_media":0,"parent":0,"menu_order":0,"comment_status":"closed","ping_status":"closed","template":"","meta":{"footnotes":""},"class_list":["post-478","page","type-page","status-publish","hentry"],"_links":{"self":[{"href":"https:\/\/www.saintalbanauriolles.com\/index.php\/wp-json\/wp\/v2\/pages\/478","targetHints":{"allow":["GET"]}}],"collection":[{"href":"https:\/\/www.saintalbanauriolles.com\/index.php\/wp-json\/wp\/v2\/pages"}],"about":[{"href":"https:\/\/www.saintalbanauriolles.com\/index.php\/wp-json\/wp\/v2\/types\/page"}],"author":[{"embeddable":true,"href":"https:\/\/www.saintalbanauriolles.com\/index.php\/wp-json\/wp\/v2\/users\/1"}],"replies":[{"embeddable":true,"href":"https:\/\/www.saintalbanauriolles.com\/index.php\/wp-json\/wp\/v2\/comments?post=478"}],"version-history":[{"count":37,"href":"https:\/\/www.saintalbanauriolles.com\/index.php\/wp-json\/wp\/v2\/pages\/478\/revisions"}],"predecessor-version":[{"id":4955,"href":"https:\/\/www.saintalbanauriolles.com\/index.php\/wp-json\/wp\/v2\/pages\/478\/revisions\/4955"}],"wp:attachment":[{"href":"https:\/\/www.saintalbanauriolles.com\/index.php\/wp-json\/wp\/v2\/media?parent=478"}],"curies":[{"name":"wp","href":"https:\/\/api.w.org\/{rel}","templated":true}]}}