{"id":461,"date":"2020-10-12T12:48:58","date_gmt":"2020-10-12T10:48:58","guid":{"rendered":"https:\/\/www.saintalbanauriolles.com\/?page_id=461"},"modified":"2021-02-24T21:32:48","modified_gmt":"2021-02-24T20:32:48","slug":"acte-de-naissance-demande-de-copie-integrale-ou-dextrait","status":"publish","type":"page","link":"https:\/\/www.saintalbanauriolles.com\/index.php\/acte-de-naissance-demande-de-copie-integrale-ou-dextrait\/","title":{"rendered":"Acte de naissance"},"content":{"rendered":"\n<p>Un acte de naissance peut donner lieu \u00e0 la d\u00e9livrance de 3 documents diff\u00e9rents : la copie int\u00e9grale, l&rsquo;extrait avec filiation et l&rsquo;extrait sans filiation. Les conditions de d\u00e9livrance d\u00e9pendent de la nature du document que vous demandez. La d\u00e9marche pour l&rsquo;obtenir varie en fonction du lieu de naissance de la personne concern\u00e9e par l&rsquo;acte. La d\u00e9marche est toujours gratuite.<\/p>\n\n\n\n<p>Vous devez faire la demande aupr\u00e8s de la <strong>mairie du lieu de naissance<\/strong> de la personne concern\u00e9e par l&rsquo;acte.<\/p>\n\n\n\n<p><a rel=\"noreferrer noopener\" href=\"https:\/\/psl.service-public.fr\/mademarche\/EtatCivil\/demarche?execution=e1s1\" target=\"_blank\">Faire une demande d&rsquo;acte de naissance<\/a><\/p>\n\n\n\n<p>Si l&rsquo;acte est demand\u00e9 par internet, il est envoy\u00e9 au domicile et parvient en g\u00e9n\u00e9ral en quelques jours. Il est gratuit.<\/p>\n\n\n\n<p>Le d\u00e9lai d&rsquo;obtention peut cependant varier en fonction du traitement par les services de la mairie et du d\u00e9lai d&rsquo;acheminement du courrier.<\/p>\n\n\n\n<p><\/p>\n","protected":false},"excerpt":{"rendered":"<p>Un acte de naissance peut donner lieu \u00e0 la d\u00e9livrance de 3 documents diff\u00e9rents : la copie int\u00e9grale, l&rsquo;extrait avec filiation et l&rsquo;extrait sans filiation. Les conditions de d\u00e9livrance d\u00e9pendent de la nature du document que vous demandez. La d\u00e9marche pour l&rsquo;obtenir varie en fonction du lieu de naissance de&#8230;<\/p>\n<p> <a class=\"continue-reading-link\" href=\"https:\/\/www.saintalbanauriolles.com\/index.php\/acte-de-naissance-demande-de-copie-integrale-ou-dextrait\/\"><span>Plus<\/span><i class=\"crycon-right-dir\"><\/i><\/a> <\/p>\n","protected":false},"author":1,"featured_media":0,"parent":0,"menu_order":0,"comment_status":"closed","ping_status":"closed","template":"","meta":{"footnotes":""},"class_list":["post-461","page","type-page","status-publish","hentry"],"_links":{"self":[{"href":"https:\/\/www.saintalbanauriolles.com\/index.php\/wp-json\/wp\/v2\/pages\/461","targetHints":{"allow":["GET"]}}],"collection":[{"href":"https:\/\/www.saintalbanauriolles.com\/index.php\/wp-json\/wp\/v2\/pages"}],"about":[{"href":"https:\/\/www.saintalbanauriolles.com\/index.php\/wp-json\/wp\/v2\/types\/page"}],"author":[{"embeddable":true,"href":"https:\/\/www.saintalbanauriolles.com\/index.php\/wp-json\/wp\/v2\/users\/1"}],"replies":[{"embeddable":true,"href":"https:\/\/www.saintalbanauriolles.com\/index.php\/wp-json\/wp\/v2\/comments?post=461"}],"version-history":[{"count":2,"href":"https:\/\/www.saintalbanauriolles.com\/index.php\/wp-json\/wp\/v2\/pages\/461\/revisions"}],"predecessor-version":[{"id":624,"href":"https:\/\/www.saintalbanauriolles.com\/index.php\/wp-json\/wp\/v2\/pages\/461\/revisions\/624"}],"wp:attachment":[{"href":"https:\/\/www.saintalbanauriolles.com\/index.php\/wp-json\/wp\/v2\/media?parent=461"}],"curies":[{"name":"wp","href":"https:\/\/api.w.org\/{rel}","templated":true}]}}