{"id":459,"date":"2020-10-12T12:43:54","date_gmt":"2020-10-12T10:43:54","guid":{"rendered":"https:\/\/www.saintalbanauriolles.com\/?page_id=459"},"modified":"2020-10-12T12:43:54","modified_gmt":"2020-10-12T10:43:54","slug":"declaration-de-naissance","status":"publish","type":"page","link":"https:\/\/www.saintalbanauriolles.com\/index.php\/declaration-de-naissance\/","title":{"rendered":"D\u00e9claration de naissance"},"content":{"rendered":"\n<p>La d\u00e9claration de naissance est obligatoire pour tout enfant. Elle doit \u00eatre faite par une personne ayant assist\u00e9 \u00e0 l&rsquo;accouchement (en pratique, c&rsquo;est souvent le p\u00e8re). En cas de naissance d&rsquo;un enfant fran\u00e7ais \u00e0 l&rsquo;\u00e9tranger, la d\u00e9claration de naissance doit \u00eatre faite selon des formalit\u00e9s sp\u00e9cifiques. La d\u00e9claration permet d&rsquo;\u00e9tablir l&rsquo;acte de naissance.<\/p>\n\n\n\n<p>Elle doit \u00eatre faite dans les 5 jours qui suivent le jour de l&rsquo;accouchement.<\/p>\n\n\n\n<p>Le jour de l&rsquo;accouchement n&rsquo;est pas compt\u00e9 dans le d\u00e9lai de d\u00e9claration de naissance.<\/p>\n\n\n\n<p>Si le dernier jour tombe un samedi, un dimanche, un jour f\u00e9ri\u00e9 ou ch\u00f4m\u00e9, ce d\u00e9lai est prolong\u00e9 jusqu&rsquo;au 1<sup>er<\/sup><dfn><a href=\"https:\/\/www.service-public.fr\/particuliers\/glossaire\/R17508\">jour ouvrable<\/a><\/dfn> suivant.<\/p>\n\n\n\n<p>La naissance est d\u00e9clar\u00e9e par le p\u00e8re, ou sinon, par le m\u00e9decin, la sage-femme ou une autre personne qui aura assist\u00e9 \u00e0 l&rsquo;accouchement.<\/p>\n\n\n\n<p>La d\u00e9claration de naissance est faite \u00e0 la mairie du lieu de naissance.<\/p>\n\n\n\n<p><a href=\"https:\/\/www.service-public.fr\/particuliers\/vosdroits\/F1427\"><span class=\"has-inline-color has-black-color\">L&rsquo;acte de naissance<\/span><\/a> est r\u00e9dig\u00e9 imm\u00e9diatement par un officier d&rsquo;\u00e9tat civil.<\/p>\n\n\n\n<p><strong>Pi\u00e8ces \u00e0 fournir:<\/strong><\/p>\n\n\n\n<ul class=\"wp-block-list\"><li>Attestation du m\u00e9decin ou de la sage-femme<\/li><li><a href=\"https:\/\/www.service-public.fr\/particuliers\/vosdroits\/F10505\"><span class=\"has-inline-color has-black-color\">D\u00e9claration de choix de nom<\/span><\/a><span class=\"has-inline-color has-black-color\"> si les parents font cette d\u00e9marche<\/span><\/li><li><a href=\"https:\/\/www.service-public.fr\/particuliers\/vosdroits\/F887\"><span class=\"has-inline-color has-black-color\">Acte de reconnaissance<\/span><\/a><span class=\"has-inline-color has-black-color\"> si celui-ci <\/span>a \u00e9t\u00e9 \u00e9tabli avant la naissance<\/li><li>Justificatif de domicile (ou de r\u00e9sidence) de moins de 3 mois si l&rsquo;enfant n&rsquo;a pas encore \u00e9t\u00e9 reconnu<\/li><li>Carte d&rsquo;identit\u00e9 des parents<\/li><li>Livret de famille pour y inscrire l&rsquo;enfant, si les parents poss\u00e8dent d\u00e9j\u00e0 un livret<\/li><\/ul>\n\n\n\n<p><\/p>\n","protected":false},"excerpt":{"rendered":"<p>La d\u00e9claration de naissance est obligatoire pour tout enfant. Elle doit \u00eatre faite par une personne ayant assist\u00e9 \u00e0 l&rsquo;accouchement (en pratique, c&rsquo;est souvent le p\u00e8re). En cas de naissance d&rsquo;un enfant fran\u00e7ais \u00e0 l&rsquo;\u00e9tranger, la d\u00e9claration de naissance doit \u00eatre faite selon des formalit\u00e9s sp\u00e9cifiques. La d\u00e9claration permet d&rsquo;\u00e9tablir&#8230;<\/p>\n<p> <a class=\"continue-reading-link\" href=\"https:\/\/www.saintalbanauriolles.com\/index.php\/declaration-de-naissance\/\"><span>Plus<\/span><i class=\"crycon-right-dir\"><\/i><\/a> <\/p>\n","protected":false},"author":1,"featured_media":0,"parent":0,"menu_order":0,"comment_status":"closed","ping_status":"closed","template":"","meta":{"footnotes":""},"class_list":["post-459","page","type-page","status-publish","hentry"],"_links":{"self":[{"href":"https:\/\/www.saintalbanauriolles.com\/index.php\/wp-json\/wp\/v2\/pages\/459","targetHints":{"allow":["GET"]}}],"collection":[{"href":"https:\/\/www.saintalbanauriolles.com\/index.php\/wp-json\/wp\/v2\/pages"}],"about":[{"href":"https:\/\/www.saintalbanauriolles.com\/index.php\/wp-json\/wp\/v2\/types\/page"}],"author":[{"embeddable":true,"href":"https:\/\/www.saintalbanauriolles.com\/index.php\/wp-json\/wp\/v2\/users\/1"}],"replies":[{"embeddable":true,"href":"https:\/\/www.saintalbanauriolles.com\/index.php\/wp-json\/wp\/v2\/comments?post=459"}],"version-history":[{"count":1,"href":"https:\/\/www.saintalbanauriolles.com\/index.php\/wp-json\/wp\/v2\/pages\/459\/revisions"}],"predecessor-version":[{"id":460,"href":"https:\/\/www.saintalbanauriolles.com\/index.php\/wp-json\/wp\/v2\/pages\/459\/revisions\/460"}],"wp:attachment":[{"href":"https:\/\/www.saintalbanauriolles.com\/index.php\/wp-json\/wp\/v2\/media?parent=459"}],"curies":[{"name":"wp","href":"https:\/\/api.w.org\/{rel}","templated":true}]}}