{"id":4525,"date":"2025-04-17T12:01:59","date_gmt":"2025-04-17T10:01:59","guid":{"rendered":"https:\/\/www.saintalbanauriolles.com\/?page_id=4525"},"modified":"2025-04-17T12:01:59","modified_gmt":"2025-04-17T10:01:59","slug":"cabinet-de-kinesitherapie-et-cabinet-de-soins-infirmiers","status":"publish","type":"page","link":"https:\/\/www.saintalbanauriolles.com\/index.php\/cabinet-de-kinesitherapie-et-cabinet-de-soins-infirmiers\/","title":{"rendered":"Cabinet de kin\u00e9sith\u00e9rapie et cabinet de soins infirmiers"},"content":{"rendered":"\n<p>La commune b\u00e9n\u00e9ficie de la pr\u00e9sence de professionnels de sant\u00e9 install\u00e9s sur le territoire :<br>Un <strong>cabinet de kin\u00e9sith\u00e9rapie<\/strong> ainsi qu\u2019un <strong>cabinet infirmier<\/strong> sont \u00e0 disposition des habitants.<\/p>\n\n\n\n<p>Ces services permettent un <strong>acc\u00e8s local \u00e0 des soins de qualit\u00e9<\/strong>, \u00e9vitant ainsi des d\u00e9placements vers d&rsquo;autres communes.<\/p>\n\n\n\n<ul class=\"wp-block-list\"><li>Le <strong>cabinet de kin\u00e9sith\u00e9rapie<\/strong> propose des soins de r\u00e9\u00e9ducation, de pr\u00e9vention et de traitement de la douleur, adapt\u00e9s aux besoins de chacun. Ce cabinet h\u00e9berge \u00e9galement une ost\u00e9opathe.<\/li><li>Le <strong>cabinet infirmier<\/strong> assure les soins courants, que ce soit au cabinet ou \u00e0 domicile : pansements, injections, suivis de traitements, etc.<\/li><\/ul>\n\n\n\n<p><strong>Contact et rendez-vous<\/strong> : directement aupr\u00e8s des professionnels de sant\u00e9.<\/p>\n","protected":false},"excerpt":{"rendered":"<p>La commune b\u00e9n\u00e9ficie de la pr\u00e9sence de professionnels de sant\u00e9 install\u00e9s sur le territoire :Un cabinet de kin\u00e9sith\u00e9rapie ainsi qu\u2019un cabinet infirmier sont \u00e0 disposition des habitants. Ces services permettent un acc\u00e8s local \u00e0 des soins de qualit\u00e9, \u00e9vitant ainsi des d\u00e9placements vers d&rsquo;autres communes. Le cabinet de kin\u00e9sith\u00e9rapie propose&#8230;<\/p>\n<p> <a class=\"continue-reading-link\" href=\"https:\/\/www.saintalbanauriolles.com\/index.php\/cabinet-de-kinesitherapie-et-cabinet-de-soins-infirmiers\/\"><span>Plus<\/span><i class=\"crycon-right-dir\"><\/i><\/a> <\/p>\n","protected":false},"author":1,"featured_media":0,"parent":0,"menu_order":0,"comment_status":"closed","ping_status":"closed","template":"","meta":{"footnotes":""},"class_list":["post-4525","page","type-page","status-publish","hentry"],"_links":{"self":[{"href":"https:\/\/www.saintalbanauriolles.com\/index.php\/wp-json\/wp\/v2\/pages\/4525","targetHints":{"allow":["GET"]}}],"collection":[{"href":"https:\/\/www.saintalbanauriolles.com\/index.php\/wp-json\/wp\/v2\/pages"}],"about":[{"href":"https:\/\/www.saintalbanauriolles.com\/index.php\/wp-json\/wp\/v2\/types\/page"}],"author":[{"embeddable":true,"href":"https:\/\/www.saintalbanauriolles.com\/index.php\/wp-json\/wp\/v2\/users\/1"}],"replies":[{"embeddable":true,"href":"https:\/\/www.saintalbanauriolles.com\/index.php\/wp-json\/wp\/v2\/comments?post=4525"}],"version-history":[{"count":1,"href":"https:\/\/www.saintalbanauriolles.com\/index.php\/wp-json\/wp\/v2\/pages\/4525\/revisions"}],"predecessor-version":[{"id":4528,"href":"https:\/\/www.saintalbanauriolles.com\/index.php\/wp-json\/wp\/v2\/pages\/4525\/revisions\/4528"}],"wp:attachment":[{"href":"https:\/\/www.saintalbanauriolles.com\/index.php\/wp-json\/wp\/v2\/media?parent=4525"}],"curies":[{"name":"wp","href":"https:\/\/api.w.org\/{rel}","templated":true}]}}