{"id":452,"date":"2020-10-12T12:10:00","date_gmt":"2020-10-12T10:10:00","guid":{"rendered":"https:\/\/www.saintalbanauriolles.com\/?page_id=452"},"modified":"2026-02-23T17:32:04","modified_gmt":"2026-02-23T16:32:04","slug":"msap-maisons-des-sevrices-public-a-grospierres","status":"publish","type":"page","link":"https:\/\/www.saintalbanauriolles.com\/index.php\/msap-maisons-des-sevrices-public-a-grospierres\/","title":{"rendered":"FRANCE SERVICE"},"content":{"rendered":"\n<p>France Service se situe \u00e0 Grospierres dans les locaux de la Mairie. Service gratuit et confidentiel, France Service vous offre un accompagnement individuel en lien avec les partenaires : le D\u00e9partement, P\u00f4le emploi, la CAF, la CPAM, la CARSAT, la mission Locale, la CCI, la CMA, la Chambre d&rsquo;Agriculture. Vous pouvez avec ou sans rendez-vous effectuer les d\u00e9marches en ligne de premier niveau : constitutions de dossiers, t\u00e9l\u00e9chargement des formulaires en ligne, \u00eatre informer de vos droits, cr\u00e9er et acc\u00e9der \u00e0 vos comptes sur vos espaces personnels, t\u00e9l\u00e9charger et imprimer des attestations.<\/p>\n\n\n\n<p>Contact:<br>France Service<br>15 place Saint Pancrace<br>07120 Grospierres<br>T\u00e9l: 04 75 39 62 94<br><\/p>\n\n\n\n<figure class=\"wp-block-image size-full is-resized\"><img loading=\"lazy\" decoding=\"async\" width=\"657\" height=\"490\" src=\"https:\/\/www.saintalbanauriolles.com\/wp-content\/uploads\/2026\/02\/Capture-decran-2026-02-23-170707-1.png\" alt=\"\" class=\"wp-image-4858\" style=\"width:840px;height:auto\" srcset=\"https:\/\/www.saintalbanauriolles.com\/wp-content\/uploads\/2026\/02\/Capture-decran-2026-02-23-170707-1.png 657w, https:\/\/www.saintalbanauriolles.com\/wp-content\/uploads\/2026\/02\/Capture-decran-2026-02-23-170707-1-300x224.png 300w, https:\/\/www.saintalbanauriolles.com\/wp-content\/uploads\/2026\/02\/Capture-decran-2026-02-23-170707-1-150x112.png 150w\" sizes=\"auto, (max-width: 657px) 100vw, 657px\" \/><\/figure>\n","protected":false},"excerpt":{"rendered":"<p>France Service se situe \u00e0 Grospierres dans les locaux de la Mairie. Service gratuit et confidentiel, France Service vous offre un accompagnement individuel en lien avec les partenaires : le D\u00e9partement, P\u00f4le emploi, la CAF, la CPAM, la CARSAT, la mission Locale, la CCI, la CMA, la Chambre d&rsquo;Agriculture. Vous&#8230;<\/p>\n<p> <a class=\"continue-reading-link\" href=\"https:\/\/www.saintalbanauriolles.com\/index.php\/msap-maisons-des-sevrices-public-a-grospierres\/\"><span>Plus<\/span><i class=\"crycon-right-dir\"><\/i><\/a> <\/p>\n","protected":false},"author":1,"featured_media":0,"parent":0,"menu_order":0,"comment_status":"closed","ping_status":"closed","template":"","meta":{"footnotes":""},"class_list":["post-452","page","type-page","status-publish","hentry"],"_links":{"self":[{"href":"https:\/\/www.saintalbanauriolles.com\/index.php\/wp-json\/wp\/v2\/pages\/452","targetHints":{"allow":["GET"]}}],"collection":[{"href":"https:\/\/www.saintalbanauriolles.com\/index.php\/wp-json\/wp\/v2\/pages"}],"about":[{"href":"https:\/\/www.saintalbanauriolles.com\/index.php\/wp-json\/wp\/v2\/types\/page"}],"author":[{"embeddable":true,"href":"https:\/\/www.saintalbanauriolles.com\/index.php\/wp-json\/wp\/v2\/users\/1"}],"replies":[{"embeddable":true,"href":"https:\/\/www.saintalbanauriolles.com\/index.php\/wp-json\/wp\/v2\/comments?post=452"}],"version-history":[{"count":4,"href":"https:\/\/www.saintalbanauriolles.com\/index.php\/wp-json\/wp\/v2\/pages\/452\/revisions"}],"predecessor-version":[{"id":4859,"href":"https:\/\/www.saintalbanauriolles.com\/index.php\/wp-json\/wp\/v2\/pages\/452\/revisions\/4859"}],"wp:attachment":[{"href":"https:\/\/www.saintalbanauriolles.com\/index.php\/wp-json\/wp\/v2\/media?parent=452"}],"curies":[{"name":"wp","href":"https:\/\/api.w.org\/{rel}","templated":true}]}}