{"id":398,"date":"2020-09-29T17:41:37","date_gmt":"2020-09-29T15:41:37","guid":{"rendered":"https:\/\/www.saintalbanauriolles.com\/?page_id=398"},"modified":"2025-04-17T12:43:34","modified_gmt":"2025-04-17T10:43:34","slug":"mentions-legales","status":"publish","type":"page","link":"https:\/\/www.saintalbanauriolles.com\/index.php\/mentions-legales\/","title":{"rendered":"Mentions l\u00e9gales"},"content":{"rendered":"\n<p><strong>Propri\u00e9t\u00e9s du site<\/strong><br><br>Responsables de la publication: Carole Vanesse <br>Mairie de Saint Alban Auriolles<br>Place Aristide Birand<br>07120 Saint-Alban-Auriolles<br>T\u00e9l: 04 75 39 65 04<br>Mail: <a rel=\"noreferrer noopener\" href=\"mailto:accueilmairie@saintalbanauriolles.com\" target=\"_blank\">accueilmairie@saintalbanauriolles.com<\/a><br><\/p>\n\n\n\n<p><strong>Cr\u00e9dit photo<\/strong><br>Les photos sont la propri\u00e9t\u00e9 de la mairie de Saint-Alban-Auriolles sauf mention contraire.<\/p>\n\n\n\n<p><strong>H\u00e9bergement<\/strong><br>OVH <br>SAS au capital de 10 069 020 \u20ac<br>RCS Lille M\u00e9tropole 424 761 419 00045<br>Code APE 2620Z<br>N\u00b0 TVA : FR 22 424 761 419<br>Si\u00e8ge social : 2 rue Kellermann &#8211; 59100 Roubaix &#8211; France<\/p>\n\n\n\n<p><strong>Conception du site Internet<\/strong><br>Ce site internet a \u00e9t\u00e9 r\u00e9alis\u00e9 par :<br>Carole Vanesse<br>sous les conseils et la formation de Eric Benoist.<br>Pour tout renseignement:<br>Benoist Eric Informatique<br>2 rue du Chassezac 07230 Chandolas<br>Tel : 06 89 74 95 94<br><\/p>\n\n\n\n<h4 class=\"wp-block-heading\">Liens vers d\u2019autres sites Internet<\/h4>\n\n\n\n<p>Les liens hypertextes externes mis en place dans le cadre du pr\u00e9sent site et les contenus des sites de tiers vers lesquels ils pointent ne sauraient engager la responsabilit\u00e9 de la mairie de Saint Alban Auriolles.<\/p>\n\n\n\n<p><\/p>\n\n\n\n<h5 class=\"wp-block-heading\"><br><\/h5>\n\n\n\n<p><br><\/p>\n","protected":false},"excerpt":{"rendered":"<p>Propri\u00e9t\u00e9s du site Responsables de la publication: Carole Vanesse Mairie de Saint Alban AuriollesPlace Aristide Birand07120 Saint-Alban-AuriollesT\u00e9l: 04 75 39 65 04Mail: accueilmairie@saintalbanauriolles.com Cr\u00e9dit photoLes photos sont la propri\u00e9t\u00e9 de la mairie de Saint-Alban-Auriolles sauf mention contraire. H\u00e9bergementOVH SAS au capital de 10 069 020 \u20acRCS Lille M\u00e9tropole 424 761&#8230;<\/p>\n<p> <a class=\"continue-reading-link\" href=\"https:\/\/www.saintalbanauriolles.com\/index.php\/mentions-legales\/\"><span>Plus<\/span><i class=\"crycon-right-dir\"><\/i><\/a> <\/p>\n","protected":false},"author":1,"featured_media":0,"parent":0,"menu_order":0,"comment_status":"closed","ping_status":"closed","template":"","meta":{"footnotes":""},"class_list":["post-398","page","type-page","status-publish","hentry"],"_links":{"self":[{"href":"https:\/\/www.saintalbanauriolles.com\/index.php\/wp-json\/wp\/v2\/pages\/398","targetHints":{"allow":["GET"]}}],"collection":[{"href":"https:\/\/www.saintalbanauriolles.com\/index.php\/wp-json\/wp\/v2\/pages"}],"about":[{"href":"https:\/\/www.saintalbanauriolles.com\/index.php\/wp-json\/wp\/v2\/types\/page"}],"author":[{"embeddable":true,"href":"https:\/\/www.saintalbanauriolles.com\/index.php\/wp-json\/wp\/v2\/users\/1"}],"replies":[{"embeddable":true,"href":"https:\/\/www.saintalbanauriolles.com\/index.php\/wp-json\/wp\/v2\/comments?post=398"}],"version-history":[{"count":6,"href":"https:\/\/www.saintalbanauriolles.com\/index.php\/wp-json\/wp\/v2\/pages\/398\/revisions"}],"predecessor-version":[{"id":4545,"href":"https:\/\/www.saintalbanauriolles.com\/index.php\/wp-json\/wp\/v2\/pages\/398\/revisions\/4545"}],"wp:attachment":[{"href":"https:\/\/www.saintalbanauriolles.com\/index.php\/wp-json\/wp\/v2\/media?parent=398"}],"curies":[{"name":"wp","href":"https:\/\/api.w.org\/{rel}","templated":true}]}}