{"id":3559,"date":"2023-11-28T09:38:51","date_gmt":"2023-11-28T08:38:51","guid":{"rendered":"https:\/\/www.saintalbanauriolles.com\/?page_id=3559"},"modified":"2025-04-19T14:51:20","modified_gmt":"2025-04-19T12:51:20","slug":"les-nouvelles-de-la-bibliotheque","status":"publish","type":"page","link":"https:\/\/www.saintalbanauriolles.com\/index.php\/les-nouvelles-de-la-bibliotheque\/","title":{"rendered":"Les nouvelles de la biblioth\u00e8que"},"content":{"rendered":"\n<p>Le collectif des amis de la biblioth\u00e8que de Saint-Alban-Auriolles vous informe sur la Charte du don de livres : quels livres proposer en don et pour quels usages ? <strong>Retrouvez la charte <a href=\"https:\/\/www.saintalbanauriolles.com\/wp-content\/uploads\/2025\/04\/UTF-8Charte-des-dons-de-livres-au-collectif.pdf\" target=\"_blank\" rel=\"noreferrer noopener\">ICI<\/a><\/strong>.<\/p>\n\n\n\n<p>La biblioth\u00e8que propose un <a rel=\"noreferrer noopener\" href=\"https:\/\/www.saintalbanauriolles.com\/wp-content\/uploads\/2025\/04\/UTF-8EOLE-biblio.docx\" target=\"_blank\">service de pr\u00eat d&rsquo;un lecteur de livres audio<\/a> \u00e0 destination des personnes mal voyante ou ayant des difficult\u00e9 de lecture, n&rsquo;h\u00e9sitez pas \u00e0 venir vous renseigner \u00e0 la biblioth\u00e8que.<\/p>\n\n\n\n<p><a rel=\"noreferrer noopener\" href=\"https:\/\/www.saintalbanauriolles.com\/wp-content\/uploads\/2024\/03\/Nouvelles-de-la-bibliotheque-3cV2.pdf\" target=\"_blank\">Nouvelle de la biblioth\u00e8que <\/a>&#8211; Mars 2024<br><a rel=\"noreferrer noopener\" href=\"https:\/\/www.saintalbanauriolles.com\/wp-content\/uploads\/2023\/11\/Nouvelles-de-la-bibliotheque-2c.pdf\" target=\"_blank\">Nouvelles de la biblioth\u00e8que <\/a>&#8211; D\u00e9cembre 2023<br><a rel=\"noreferrer noopener\" href=\"https:\/\/www.saintalbanauriolles.com\/wp-content\/uploads\/2023\/10\/Nouvelles-de-la-bibliotheque-1.2-c.pdf\" target=\"_blank\">Nouvelles de la biblioth\u00e8que <\/a>&#8211; Octobre 2023<\/p>\n","protected":false},"excerpt":{"rendered":"<p>Le collectif des amis de la biblioth\u00e8que de Saint-Alban-Auriolles vous informe sur la Charte du don de livres : quels livres proposer en don et pour quels usages ? Retrouvez la charte ICI. La biblioth\u00e8que propose un service de pr\u00eat d&rsquo;un lecteur de livres audio \u00e0 destination des personnes mal&#8230;<\/p>\n<p> <a class=\"continue-reading-link\" href=\"https:\/\/www.saintalbanauriolles.com\/index.php\/les-nouvelles-de-la-bibliotheque\/\"><span>Plus<\/span><i class=\"crycon-right-dir\"><\/i><\/a> <\/p>\n","protected":false},"author":1,"featured_media":0,"parent":0,"menu_order":0,"comment_status":"closed","ping_status":"closed","template":"","meta":{"footnotes":""},"class_list":["post-3559","page","type-page","status-publish","hentry"],"_links":{"self":[{"href":"https:\/\/www.saintalbanauriolles.com\/index.php\/wp-json\/wp\/v2\/pages\/3559","targetHints":{"allow":["GET"]}}],"collection":[{"href":"https:\/\/www.saintalbanauriolles.com\/index.php\/wp-json\/wp\/v2\/pages"}],"about":[{"href":"https:\/\/www.saintalbanauriolles.com\/index.php\/wp-json\/wp\/v2\/types\/page"}],"author":[{"embeddable":true,"href":"https:\/\/www.saintalbanauriolles.com\/index.php\/wp-json\/wp\/v2\/users\/1"}],"replies":[{"embeddable":true,"href":"https:\/\/www.saintalbanauriolles.com\/index.php\/wp-json\/wp\/v2\/comments?post=3559"}],"version-history":[{"count":8,"href":"https:\/\/www.saintalbanauriolles.com\/index.php\/wp-json\/wp\/v2\/pages\/3559\/revisions"}],"predecessor-version":[{"id":4565,"href":"https:\/\/www.saintalbanauriolles.com\/index.php\/wp-json\/wp\/v2\/pages\/3559\/revisions\/4565"}],"wp:attachment":[{"href":"https:\/\/www.saintalbanauriolles.com\/index.php\/wp-json\/wp\/v2\/media?parent=3559"}],"curies":[{"name":"wp","href":"https:\/\/api.w.org\/{rel}","templated":true}]}}