{"id":3457,"date":"2023-10-11T09:51:32","date_gmt":"2023-10-11T07:51:32","guid":{"rendered":"https:\/\/www.saintalbanauriolles.com\/?page_id=3457"},"modified":"2024-07-22T09:55:21","modified_gmt":"2024-07-22T07:55:21","slug":"bulletins-municipaux-2","status":"publish","type":"page","link":"https:\/\/www.saintalbanauriolles.com\/index.php\/bulletins-municipaux-2\/","title":{"rendered":"Bulletins municipaux"},"content":{"rendered":"\n<p><a rel=\"noreferrer noopener\" href=\"https:\/\/www.saintalbanauriolles.com\/wp-content\/uploads\/2024\/07\/BM-22-web.pdf\" target=\"_blank\">Bulletin municipal Ann\u00e9e 2023<\/a><br><a rel=\"noreferrer noopener\" href=\"https:\/\/www.saintalbanauriolles.com\/wp-content\/uploads\/2023\/10\/BM-21-web.pdf\" target=\"_blank\">Bulletin municipal &#8211; Ann\u00e9es 2019 \u00e0 2022<\/a><\/p>\n\n\n\n<p>Bulletins d&rsquo; informations<br><a rel=\"noreferrer noopener\" href=\"https:\/\/www.saintalbanauriolles.com\/wp-content\/uploads\/2020\/09\/LEcho-des-Trois-Rivieres.pdf\" target=\"_blank\">Bulletin d&rsquo;information N\u00b01<\/a><br><a rel=\"noreferrer noopener\" href=\"https:\/\/www.saintalbanauriolles.com\/wp-content\/uploads\/2020\/12\/Echo-decembre2020.pdf\" target=\"_blank\">Bulletin d&rsquo;information N\u00b0 2<\/a><\/p>\n","protected":false},"excerpt":{"rendered":"<p>Bulletin municipal Ann\u00e9e 2023Bulletin municipal &#8211; Ann\u00e9es 2019 \u00e0 2022 Bulletins d&rsquo; informationsBulletin d&rsquo;information N\u00b01Bulletin d&rsquo;information N\u00b0 2<\/p>\n<p> <a class=\"continue-reading-link\" href=\"https:\/\/www.saintalbanauriolles.com\/index.php\/bulletins-municipaux-2\/\"><span>Plus<\/span><i class=\"crycon-right-dir\"><\/i><\/a> <\/p>\n","protected":false},"author":1,"featured_media":0,"parent":0,"menu_order":0,"comment_status":"closed","ping_status":"closed","template":"","meta":{"footnotes":""},"class_list":["post-3457","page","type-page","status-publish","hentry"],"_links":{"self":[{"href":"https:\/\/www.saintalbanauriolles.com\/index.php\/wp-json\/wp\/v2\/pages\/3457","targetHints":{"allow":["GET"]}}],"collection":[{"href":"https:\/\/www.saintalbanauriolles.com\/index.php\/wp-json\/wp\/v2\/pages"}],"about":[{"href":"https:\/\/www.saintalbanauriolles.com\/index.php\/wp-json\/wp\/v2\/types\/page"}],"author":[{"embeddable":true,"href":"https:\/\/www.saintalbanauriolles.com\/index.php\/wp-json\/wp\/v2\/users\/1"}],"replies":[{"embeddable":true,"href":"https:\/\/www.saintalbanauriolles.com\/index.php\/wp-json\/wp\/v2\/comments?post=3457"}],"version-history":[{"count":4,"href":"https:\/\/www.saintalbanauriolles.com\/index.php\/wp-json\/wp\/v2\/pages\/3457\/revisions"}],"predecessor-version":[{"id":4039,"href":"https:\/\/www.saintalbanauriolles.com\/index.php\/wp-json\/wp\/v2\/pages\/3457\/revisions\/4039"}],"wp:attachment":[{"href":"https:\/\/www.saintalbanauriolles.com\/index.php\/wp-json\/wp\/v2\/media?parent=3457"}],"curies":[{"name":"wp","href":"https:\/\/api.w.org\/{rel}","templated":true}]}}