{"id":309,"date":"2020-09-18T16:14:02","date_gmt":"2020-09-18T14:14:02","guid":{"rendered":"https:\/\/www.saintalbanauriolles.com\/?page_id=309"},"modified":"2021-09-13T18:01:48","modified_gmt":"2021-09-13T16:01:48","slug":"taxe-damenagement","status":"publish","type":"page","link":"https:\/\/www.saintalbanauriolles.com\/index.php\/taxe-damenagement\/","title":{"rendered":"Taxe d\u2019am\u00e9nagement"},"content":{"rendered":"\n<p>La taxe d\u2019am\u00e9nagement est un imp\u00f4t local per\u00e7ue par la commune, le d\u00e9partement et la r\u00e9gion sur toutes les op\u00e9rations de construction, reconstruction ou agrandissement de b\u00e2timents que vous pouvez faire sur votre terrain d\u00e8s lors qu\u2019elles n\u00e9cessitent une autorisation d\u2019urbanisme (permis de construire ou autorisation pr\u00e9alable).<\/p>\n\n\n\n<p>Retrouvez toutes les informations<a href=\"https:\/\/www.economie.gouv.fr\/particuliers\/taxe-amenagement#\" target=\"_blank\" rel=\"noreferrer noopener\"> ICI<\/a><\/p>\n","protected":false},"excerpt":{"rendered":"<p>La taxe d\u2019am\u00e9nagement est un imp\u00f4t local per\u00e7ue par la commune, le d\u00e9partement et la r\u00e9gion sur toutes les op\u00e9rations de construction, reconstruction ou agrandissement de b\u00e2timents que vous pouvez faire sur votre terrain d\u00e8s lors qu\u2019elles n\u00e9cessitent une autorisation d\u2019urbanisme (permis de construire ou autorisation pr\u00e9alable). Retrouvez toutes les&#8230;<\/p>\n<p> <a class=\"continue-reading-link\" href=\"https:\/\/www.saintalbanauriolles.com\/index.php\/taxe-damenagement\/\"><span>Plus<\/span><i class=\"crycon-right-dir\"><\/i><\/a> <\/p>\n","protected":false},"author":1,"featured_media":0,"parent":0,"menu_order":0,"comment_status":"closed","ping_status":"closed","template":"","meta":{"footnotes":""},"class_list":["post-309","page","type-page","status-publish","hentry"],"_links":{"self":[{"href":"https:\/\/www.saintalbanauriolles.com\/index.php\/wp-json\/wp\/v2\/pages\/309","targetHints":{"allow":["GET"]}}],"collection":[{"href":"https:\/\/www.saintalbanauriolles.com\/index.php\/wp-json\/wp\/v2\/pages"}],"about":[{"href":"https:\/\/www.saintalbanauriolles.com\/index.php\/wp-json\/wp\/v2\/types\/page"}],"author":[{"embeddable":true,"href":"https:\/\/www.saintalbanauriolles.com\/index.php\/wp-json\/wp\/v2\/users\/1"}],"replies":[{"embeddable":true,"href":"https:\/\/www.saintalbanauriolles.com\/index.php\/wp-json\/wp\/v2\/comments?post=309"}],"version-history":[{"count":3,"href":"https:\/\/www.saintalbanauriolles.com\/index.php\/wp-json\/wp\/v2\/pages\/309\/revisions"}],"predecessor-version":[{"id":1715,"href":"https:\/\/www.saintalbanauriolles.com\/index.php\/wp-json\/wp\/v2\/pages\/309\/revisions\/1715"}],"wp:attachment":[{"href":"https:\/\/www.saintalbanauriolles.com\/index.php\/wp-json\/wp\/v2\/media?parent=309"}],"curies":[{"name":"wp","href":"https:\/\/api.w.org\/{rel}","templated":true}]}}