{"id":2702,"date":"2023-01-24T06:17:33","date_gmt":"2023-01-24T05:17:33","guid":{"rendered":"https:\/\/www.saintalbanauriolles.com\/?page_id=2702"},"modified":"2025-04-19T14:40:32","modified_gmt":"2025-04-19T12:40:32","slug":"ateliers-et-animations","status":"publish","type":"page","link":"https:\/\/www.saintalbanauriolles.com\/index.php\/ateliers-et-animations\/","title":{"rendered":"La biblioth\u00e8que bouge !"},"content":{"rendered":"\n<p>La biblioth\u00e8que communale est bien plus qu&rsquo;un simple d\u00e9p\u00f4t de livres. Elle est un tr\u00e9sor culturel au c\u0153ur de notre communaut\u00e9. Elle organise des ateliers cr\u00e9atifs pour stimuler l&rsquo;imagination, des s\u00e9ances de b\u00e9b\u00e9 lecteurs pour \u00e9veiller les tout-petits \u00e0 la magie des mots, des rencontres avec des auteurs pour explorer les histoires derri\u00e8re les livres et encore des expositions d&rsquo;artiste locaux&#8230;<\/p>\n\n\n\n<p>D\u00e9couvrez ici les \u00e9v\u00e9nements organis\u00e9s et \u00e9galement sur Facebook: <a href=\"https:\/\/www.facebook.com\/bibliothequemuncipalestalb\" target=\"_blank\" rel=\"noreferrer noopener\">https:\/\/www.facebook.com\/bibliothequemuncipalestalb<\/a><\/p>\n\n\n\n<h3 class=\"wp-block-heading\">\u00c9v\u00e9nements :<\/h3>\n\n\n\n<div class=\"wp-block-columns is-layout-flex wp-container-core-columns-is-layout-9d6595d7 wp-block-columns-is-layout-flex\">\n<div class=\"wp-block-column is-layout-flow wp-block-column-is-layout-flow\" style=\"flex-basis:100%\">\n<div class=\"wp-block-columns is-layout-flex wp-container-core-columns-is-layout-9d6595d7 wp-block-columns-is-layout-flex\">\n<div class=\"wp-block-column is-layout-flow wp-block-column-is-layout-flow\" style=\"flex-basis:100%\">\n<div class=\"wp-block-group\"><div class=\"wp-block-group__inner-container is-layout-flow wp-block-group-is-layout-flow\">\n<div class=\"wp-block-columns are-vertically-aligned-top is-layout-flex wp-container-core-columns-is-layout-9d6595d7 wp-block-columns-is-layout-flex\">\n<div class=\"wp-block-column is-vertically-aligned-top is-layout-flow wp-block-column-is-layout-flow\" style=\"flex-basis:100%\">\n<figure class=\"wp-block-table is-style-regular\"><table><tbody><tr><td class=\"has-text-align-center\" data-align=\"center\"><br><img loading=\"lazy\" decoding=\"async\" width=\"250\" height=\"354\" class=\"wp-image-4485\" style=\"width: 250px;\" src=\"https:\/\/www.saintalbanauriolles.com\/wp-content\/uploads\/2025\/04\/Affiche-4_A3_EAC_liberation_web.jpg\" alt=\"\" srcset=\"https:\/\/www.saintalbanauriolles.com\/wp-content\/uploads\/2025\/04\/Affiche-4_A3_EAC_liberation_web.jpg 1024w, https:\/\/www.saintalbanauriolles.com\/wp-content\/uploads\/2025\/04\/Affiche-4_A3_EAC_liberation_web-212x300.jpg 212w, https:\/\/www.saintalbanauriolles.com\/wp-content\/uploads\/2025\/04\/Affiche-4_A3_EAC_liberation_web-724x1024.jpg 724w, https:\/\/www.saintalbanauriolles.com\/wp-content\/uploads\/2025\/04\/Affiche-4_A3_EAC_liberation_web-768x1086.jpg 768w, https:\/\/www.saintalbanauriolles.com\/wp-content\/uploads\/2025\/04\/Affiche-4_A3_EAC_liberation_web-106x150.jpg 106w\" sizes=\"auto, (max-width: 250px) 100vw, 250px\" \/><br><br><img loading=\"lazy\" decoding=\"async\" width=\"250\" height=\"354\" class=\"wp-image-4446\" style=\"width: 250px;\" src=\"https:\/\/www.saintalbanauriolles.com\/wp-content\/uploads\/2025\/03\/Capture-decran-2025-03-27-141517.png\" alt=\"\" srcset=\"https:\/\/www.saintalbanauriolles.com\/wp-content\/uploads\/2025\/03\/Capture-decran-2025-03-27-141517.png 426w, https:\/\/www.saintalbanauriolles.com\/wp-content\/uploads\/2025\/03\/Capture-decran-2025-03-27-141517-212x300.png 212w, https:\/\/www.saintalbanauriolles.com\/wp-content\/uploads\/2025\/03\/Capture-decran-2025-03-27-141517-106x150.png 106w\" sizes=\"auto, (max-width: 250px) 100vw, 250px\" \/><br><br><img loading=\"lazy\" decoding=\"async\" width=\"250\" height=\"354\" class=\"wp-image-3640\" style=\"width: 250px;\" src=\"https:\/\/www.saintalbanauriolles.com\/wp-content\/uploads\/2024\/01\/Exposition-Carolle-Vanesse-Diane-Peylin.png\" alt=\"\" srcset=\"https:\/\/www.saintalbanauriolles.com\/wp-content\/uploads\/2024\/01\/Exposition-Carolle-Vanesse-Diane-Peylin.png 1414w, https:\/\/www.saintalbanauriolles.com\/wp-content\/uploads\/2024\/01\/Exposition-Carolle-Vanesse-Diane-Peylin-212x300.png 212w, https:\/\/www.saintalbanauriolles.com\/wp-content\/uploads\/2024\/01\/Exposition-Carolle-Vanesse-Diane-Peylin-724x1024.png 724w, https:\/\/www.saintalbanauriolles.com\/wp-content\/uploads\/2024\/01\/Exposition-Carolle-Vanesse-Diane-Peylin-768x1086.png 768w, https:\/\/www.saintalbanauriolles.com\/wp-content\/uploads\/2024\/01\/Exposition-Carolle-Vanesse-Diane-Peylin-1086x1536.png 1086w, https:\/\/www.saintalbanauriolles.com\/wp-content\/uploads\/2024\/01\/Exposition-Carolle-Vanesse-Diane-Peylin-106x150.png 106w\" sizes=\"auto, (max-width: 250px) 100vw, 250px\" \/><br><br><img decoding=\"async\" src=\"https:\/\/www.saintalbanauriolles.com\/wp-content\/uploads\/2023\/03\/Capture-decran-2023-03-10-193125.png\" alt=\"\" style=\"width: 250px;\"><\/td><td class=\"has-text-align-center\" data-align=\"center\"><img loading=\"lazy\" decoding=\"async\" width=\"250\" height=\"354\" class=\"wp-image-4556\" style=\"width: 250px;\" src=\"https:\/\/www.saintalbanauriolles.com\/wp-content\/uploads\/2025\/04\/Affiche-Gouter-lecturecode-secret-V2.jpg\" alt=\"\" srcset=\"https:\/\/www.saintalbanauriolles.com\/wp-content\/uploads\/2025\/04\/Affiche-Gouter-lecturecode-secret-V2.jpg 794w, https:\/\/www.saintalbanauriolles.com\/wp-content\/uploads\/2025\/04\/Affiche-Gouter-lecturecode-secret-V2-212x300.jpg 212w, https:\/\/www.saintalbanauriolles.com\/wp-content\/uploads\/2025\/04\/Affiche-Gouter-lecturecode-secret-V2-724x1024.jpg 724w, https:\/\/www.saintalbanauriolles.com\/wp-content\/uploads\/2025\/04\/Affiche-Gouter-lecturecode-secret-V2-768x1086.jpg 768w, https:\/\/www.saintalbanauriolles.com\/wp-content\/uploads\/2025\/04\/Affiche-Gouter-lecturecode-secret-V2-106x150.jpg 106w\" sizes=\"auto, (max-width: 250px) 100vw, 250px\" \/><br><br><img loading=\"lazy\" decoding=\"async\" width=\"250\" height=\"357\" class=\"wp-image-4260\" style=\"width: 250px;\" src=\"https:\/\/www.saintalbanauriolles.com\/wp-content\/uploads\/2024\/11\/Capture-decran-2024-11-14-124324.png\" alt=\"\" srcset=\"https:\/\/www.saintalbanauriolles.com\/wp-content\/uploads\/2024\/11\/Capture-decran-2024-11-14-124324.png 511w, https:\/\/www.saintalbanauriolles.com\/wp-content\/uploads\/2024\/11\/Capture-decran-2024-11-14-124324-210x300.png 210w, https:\/\/www.saintalbanauriolles.com\/wp-content\/uploads\/2024\/11\/Capture-decran-2024-11-14-124324-105x150.png 105w\" sizes=\"auto, (max-width: 250px) 100vw, 250px\" \/><br><br><img loading=\"lazy\" decoding=\"async\" width=\"250\" height=\"355\" class=\"wp-image-3903\" style=\"width: 250px;\" src=\"https:\/\/www.saintalbanauriolles.com\/wp-content\/uploads\/2024\/05\/Capture-decran-2024-05-07-102411.png\" alt=\"\" srcset=\"https:\/\/www.saintalbanauriolles.com\/wp-content\/uploads\/2024\/05\/Capture-decran-2024-05-07-102411.png 555w, https:\/\/www.saintalbanauriolles.com\/wp-content\/uploads\/2024\/05\/Capture-decran-2024-05-07-102411-212x300.png 212w, https:\/\/www.saintalbanauriolles.com\/wp-content\/uploads\/2024\/05\/Capture-decran-2024-05-07-102411-106x150.png 106w\" sizes=\"auto, (max-width: 250px) 100vw, 250px\" \/><br><br><img loading=\"lazy\" decoding=\"async\" width=\"250\" height=\"352\" class=\"wp-image-3850\" style=\"width: 250px;\" src=\"https:\/\/www.saintalbanauriolles.com\/wp-content\/uploads\/2024\/04\/Capture-decran-2024-04-05-201243.png\" alt=\"\" srcset=\"https:\/\/www.saintalbanauriolles.com\/wp-content\/uploads\/2024\/04\/Capture-decran-2024-04-05-201243.png 420w, https:\/\/www.saintalbanauriolles.com\/wp-content\/uploads\/2024\/04\/Capture-decran-2024-04-05-201243-213x300.png 213w, https:\/\/www.saintalbanauriolles.com\/wp-content\/uploads\/2024\/04\/Capture-decran-2024-04-05-201243-107x150.png 107w\" sizes=\"auto, (max-width: 250px) 100vw, 250px\" \/><br><br><img loading=\"lazy\" decoding=\"async\" width=\"250\" height=\"363\" class=\"wp-image-3646\" style=\"width: 250px;\" src=\"https:\/\/www.saintalbanauriolles.com\/wp-content\/uploads\/2024\/01\/thumbnail_Affiche_A3_Katsumi-Komagata_1_web.jpg\" alt=\"\" srcset=\"https:\/\/www.saintalbanauriolles.com\/wp-content\/uploads\/2024\/01\/thumbnail_Affiche_A3_Katsumi-Komagata_1_web.jpg 1024w, https:\/\/www.saintalbanauriolles.com\/wp-content\/uploads\/2024\/01\/thumbnail_Affiche_A3_Katsumi-Komagata_1_web-206x300.jpg 206w, https:\/\/www.saintalbanauriolles.com\/wp-content\/uploads\/2024\/01\/thumbnail_Affiche_A3_Katsumi-Komagata_1_web-705x1024.jpg 705w, https:\/\/www.saintalbanauriolles.com\/wp-content\/uploads\/2024\/01\/thumbnail_Affiche_A3_Katsumi-Komagata_1_web-768x1116.jpg 768w, https:\/\/www.saintalbanauriolles.com\/wp-content\/uploads\/2024\/01\/thumbnail_Affiche_A3_Katsumi-Komagata_1_web-103x150.jpg 103w\" sizes=\"auto, (max-width: 250px) 100vw, 250px\" \/><br><strong>D\u00e9couvrez les \u0153uvres r\u00e9alis\u00e9es<\/strong>: <br>R\u00e9alisations \u00ab\u00a0<a rel=\"noreferrer noopener\" href=\"https:\/\/www.saintalbanauriolles.com\/wp-content\/uploads\/2024\/02\/Atelier-KOMAGATA-1_compressed.pdf\" target=\"_blank\">Th\u00e8me libre<\/a>\u00ab\u00a0<br>R\u00e9alisations \u00ab\u00a0<a rel=\"noreferrer noopener\" href=\"https:\/\/www.saintalbanauriolles.com\/wp-content\/uploads\/2024\/03\/Atelier-Komagata-Snake.pdf\" target=\"_blank\">Snake<\/a>\u00ab\u00a0<br>R\u00e9alisations \u00ab\u00a0<a rel=\"noreferrer noopener\" href=\"https:\/\/www.saintalbanauriolles.com\/wp-content\/uploads\/2024\/03\/Atelier-Komagata-QueDevient.pdf\" target=\"_blank\">Que devient?<\/a>\u00ab\u00a0<br><br><\/td><td class=\"has-text-align-center\" data-align=\"center\"><img loading=\"lazy\" decoding=\"async\" width=\"250\" height=\"360\" class=\"wp-image-4441\" style=\"width: 250px;\" src=\"https:\/\/www.saintalbanauriolles.com\/wp-content\/uploads\/2025\/03\/Capture-decran-2025-03-27-141049.png\" alt=\"\" srcset=\"https:\/\/www.saintalbanauriolles.com\/wp-content\/uploads\/2025\/03\/Capture-decran-2025-03-27-141049.png 424w, https:\/\/www.saintalbanauriolles.com\/wp-content\/uploads\/2025\/03\/Capture-decran-2025-03-27-141049-209x300.png 209w, https:\/\/www.saintalbanauriolles.com\/wp-content\/uploads\/2025\/03\/Capture-decran-2025-03-27-141049-104x150.png 104w\" sizes=\"auto, (max-width: 250px) 100vw, 250px\" \/><br><br><img loading=\"lazy\" decoding=\"async\" width=\"250\" height=\"353\" class=\"wp-image-4438\" style=\"width: 250px;\" src=\"https:\/\/www.saintalbanauriolles.com\/wp-content\/uploads\/2025\/03\/Capture-decran-2025-03-27-140519.png\" alt=\"\" srcset=\"https:\/\/www.saintalbanauriolles.com\/wp-content\/uploads\/2025\/03\/Capture-decran-2025-03-27-140519.png 428w, https:\/\/www.saintalbanauriolles.com\/wp-content\/uploads\/2025\/03\/Capture-decran-2025-03-27-140519-212x300.png 212w, https:\/\/www.saintalbanauriolles.com\/wp-content\/uploads\/2025\/03\/Capture-decran-2025-03-27-140519-106x150.png 106w\" sizes=\"auto, (max-width: 250px) 100vw, 250px\" \/><br><img loading=\"lazy\" decoding=\"async\" width=\"250\" height=\"361\" class=\"wp-image-3531\" style=\"width: 250px;\" src=\"https:\/\/www.saintalbanauriolles.com\/wp-content\/uploads\/2023\/11\/Capture-decran-2023-11-09-134916-2.png\" alt=\"\" srcset=\"https:\/\/www.saintalbanauriolles.com\/wp-content\/uploads\/2023\/11\/Capture-decran-2023-11-09-134916-2.png 444w, https:\/\/www.saintalbanauriolles.com\/wp-content\/uploads\/2023\/11\/Capture-decran-2023-11-09-134916-2-207x300.png 207w, https:\/\/www.saintalbanauriolles.com\/wp-content\/uploads\/2023\/11\/Capture-decran-2023-11-09-134916-2-104x150.png 104w\" sizes=\"auto, (max-width: 250px) 100vw, 250px\" \/><\/td><\/tr><\/tbody><\/table><\/figure>\n<\/div>\n<\/div>\n<\/div><\/div>\n<\/div>\n<\/div>\n<\/div>\n<\/div>\n\n\n\n<p><\/p>\n","protected":false},"excerpt":{"rendered":"<p>La biblioth\u00e8que communale est bien plus qu&rsquo;un simple d\u00e9p\u00f4t de livres. Elle est un tr\u00e9sor culturel au c\u0153ur de notre communaut\u00e9. Elle organise des ateliers cr\u00e9atifs pour stimuler l&rsquo;imagination, des s\u00e9ances de b\u00e9b\u00e9 lecteurs pour \u00e9veiller les tout-petits \u00e0 la magie des mots, des rencontres avec des auteurs pour explorer&#8230;<\/p>\n<p> <a class=\"continue-reading-link\" href=\"https:\/\/www.saintalbanauriolles.com\/index.php\/ateliers-et-animations\/\"><span>Plus<\/span><i class=\"crycon-right-dir\"><\/i><\/a> <\/p>\n","protected":false},"author":1,"featured_media":0,"parent":0,"menu_order":0,"comment_status":"closed","ping_status":"closed","template":"","meta":{"footnotes":""},"class_list":["post-2702","page","type-page","status-publish","hentry"],"_links":{"self":[{"href":"https:\/\/www.saintalbanauriolles.com\/index.php\/wp-json\/wp\/v2\/pages\/2702","targetHints":{"allow":["GET"]}}],"collection":[{"href":"https:\/\/www.saintalbanauriolles.com\/index.php\/wp-json\/wp\/v2\/pages"}],"about":[{"href":"https:\/\/www.saintalbanauriolles.com\/index.php\/wp-json\/wp\/v2\/types\/page"}],"author":[{"embeddable":true,"href":"https:\/\/www.saintalbanauriolles.com\/index.php\/wp-json\/wp\/v2\/users\/1"}],"replies":[{"embeddable":true,"href":"https:\/\/www.saintalbanauriolles.com\/index.php\/wp-json\/wp\/v2\/comments?post=2702"}],"version-history":[{"count":49,"href":"https:\/\/www.saintalbanauriolles.com\/index.php\/wp-json\/wp\/v2\/pages\/2702\/revisions"}],"predecessor-version":[{"id":4559,"href":"https:\/\/www.saintalbanauriolles.com\/index.php\/wp-json\/wp\/v2\/pages\/2702\/revisions\/4559"}],"wp:attachment":[{"href":"https:\/\/www.saintalbanauriolles.com\/index.php\/wp-json\/wp\/v2\/media?parent=2702"}],"curies":[{"name":"wp","href":"https:\/\/api.w.org\/{rel}","templated":true}]}}