{"id":27,"date":"2020-09-10T14:29:33","date_gmt":"2020-09-10T12:29:33","guid":{"rendered":"https:\/\/www.saintalbanauriolles.com\/?page_id=27"},"modified":"2026-03-23T11:50:55","modified_gmt":"2026-03-23T10:50:55","slug":"commissions-et-syndicats","status":"publish","type":"page","link":"https:\/\/www.saintalbanauriolles.com\/index.php\/commissions-et-syndicats\/","title":{"rendered":"Commissions et syndicats"},"content":{"rendered":"\n<p><mark style=\"background-color:rgba(0, 0, 0, 0)\" class=\"has-inline-color has-vivid-red-color\">Les informations relatives aux commissions et syndicats seront prochainement mises \u00e0 jour, suite aux r\u00e9centes \u00e9lections<\/mark><\/p>\n\n\n\n<h2 class=\"wp-block-heading\"><strong><span class=\"has-inline-color has-vivid-cyan-blue-color\">Commissions:<\/span><\/strong><\/h2>\n\n\n\n<ul class=\"wp-block-list\">\n<li><span class=\"has-inline-color has-vivid-cyan-blue-color\"><strong>Organismes Consulaires :<\/strong><\/span><\/li>\n<\/ul>\n\n\n\n<p>Chambre des m\u00e9tiers : <br>Chambre de commerce :  <br>Chambre d\u2019agriculture : <\/p>\n\n\n\n<ul class=\"wp-block-list\">\n<li><strong><span class=\"has-inline-color has-vivid-cyan-blue-color\">SEBA : Syndicat des Eaux du Bassin de l\u2019Ard\u00e8che :<\/span><\/strong><\/li>\n<\/ul>\n\n\n\n<p>Titulaires :<br>Suppl\u00e9ants : <\/p>\n\n\n\n<ul class=\"wp-block-list\">\n<li><strong><span class=\"has-inline-color has-vivid-cyan-blue-color\">SDE 07 : Syndicat D\u00e9partemental d\u2019\u00c9nergies de l\u2019Ard\u00e8che :<\/span><\/strong><\/li>\n<\/ul>\n\n\n\n<p>Titulaire : <br>Suppl\u00e9ant : <\/p>\n\n\n\n<p><span class=\"has-inline-color has-vivid-cyan-blue-color\"><strong>SMAM : Syndicat Mixte Ard\u00e8che M\u00e9ridionale<\/strong> :<\/span><\/p>\n\n\n\n<p>Titulaires : <br>Suppl\u00e9ants : <\/p>\n","protected":false},"excerpt":{"rendered":"<p>Les informations relatives aux commissions et syndicats seront prochainement mises \u00e0 jour, suite aux r\u00e9centes \u00e9lections Commissions: Chambre des m\u00e9tiers : Chambre de commerce : Chambre d\u2019agriculture : Titulaires :Suppl\u00e9ants : Titulaire : Suppl\u00e9ant : SMAM : Syndicat Mixte Ard\u00e8che M\u00e9ridionale : Titulaires : Suppl\u00e9ants :<\/p>\n<p> <a class=\"continue-reading-link\" href=\"https:\/\/www.saintalbanauriolles.com\/index.php\/commissions-et-syndicats\/\"><span>Plus<\/span><i class=\"crycon-right-dir\"><\/i><\/a> <\/p>\n","protected":false},"author":1,"featured_media":0,"parent":0,"menu_order":0,"comment_status":"closed","ping_status":"closed","template":"","meta":{"footnotes":""},"class_list":["post-27","page","type-page","status-publish","hentry"],"_links":{"self":[{"href":"https:\/\/www.saintalbanauriolles.com\/index.php\/wp-json\/wp\/v2\/pages\/27","targetHints":{"allow":["GET"]}}],"collection":[{"href":"https:\/\/www.saintalbanauriolles.com\/index.php\/wp-json\/wp\/v2\/pages"}],"about":[{"href":"https:\/\/www.saintalbanauriolles.com\/index.php\/wp-json\/wp\/v2\/types\/page"}],"author":[{"embeddable":true,"href":"https:\/\/www.saintalbanauriolles.com\/index.php\/wp-json\/wp\/v2\/users\/1"}],"replies":[{"embeddable":true,"href":"https:\/\/www.saintalbanauriolles.com\/index.php\/wp-json\/wp\/v2\/comments?post=27"}],"version-history":[{"count":14,"href":"https:\/\/www.saintalbanauriolles.com\/index.php\/wp-json\/wp\/v2\/pages\/27\/revisions"}],"predecessor-version":[{"id":4924,"href":"https:\/\/www.saintalbanauriolles.com\/index.php\/wp-json\/wp\/v2\/pages\/27\/revisions\/4924"}],"wp:attachment":[{"href":"https:\/\/www.saintalbanauriolles.com\/index.php\/wp-json\/wp\/v2\/media?parent=27"}],"curies":[{"name":"wp","href":"https:\/\/api.w.org\/{rel}","templated":true}]}}