{"id":2197,"date":"2022-04-03T08:15:47","date_gmt":"2022-04-03T06:15:47","guid":{"rendered":"https:\/\/www.saintalbanauriolles.com\/?page_id=2197"},"modified":"2022-04-03T08:15:47","modified_gmt":"2022-04-03T06:15:47","slug":"recensement-militaire-jdc","status":"publish","type":"page","link":"https:\/\/www.saintalbanauriolles.com\/index.php\/recensement-militaire-jdc\/","title":{"rendered":"Recensement militaire &#8211; JDC"},"content":{"rendered":"\n<p>Depuis janvier 1999, tous les jeunes fran\u00e7ais, gar\u00e7ons et filles, doivent se faire recenser \u00e0 la Mairie de leur domicile, ou au consulat s\u2019ils r\u00e9sident \u00e0 l\u2019Etranger.<br><br><strong>Cette obligation l\u00e9gale est \u00e0 effectuer dans les 3 mois qui suivent le 16\u00e8me anniversaire<\/strong>. Il permet d&rsquo;\u00eatre convoqu\u00e9 \u00e0 la <a rel=\"noreferrer noopener\" href=\"https:\/\/www.service-public.fr\/particuliers\/vosdroits\/F871\" target=\"_blank\">Journ\u00e9e D\u00e9fense et Citoyennet\u00e9 (JDC)<\/a>.<br><br>        \u2981 avant 18 ans, il faut pr\u00e9senter une attestation de recensement pour vous inscrire \u00e0 un examen (BEP, Bac) ou un concours administratif<br>        \u2981 \u00e0 partir de 18 ans, il faut pr\u00e9senter un certificat de JDC pour s&rsquo;inscrire un examen (BEP, Bac\u2026), \u00e0 un concours administratif ou \u00e0 l&rsquo;examen du permis de conduire en France.<br><br>Le recensement permet \u00e0 l&rsquo;administration de <a rel=\"noreferrer noopener\" href=\"https:\/\/www.service-public.fr\/particuliers\/vosdroits\/F1961\" target=\"_blank\">vous inscrire automatiquement sur les listes \u00e9lectorales \u00e0 18 ans.<\/a> Vous pourrez alors voter d\u00e8s l&rsquo;\u00e2ge de 18 ans, sans faire d&rsquo;autres d\u00e9marches.<br><br>La d\u00e9marche se fait\u00a0\u00e0 la mairie de la commune de votre domicile (ou de celle o\u00f9 est situ\u00e9 l&rsquo;organisme aupr\u00e8s duquel vous avez fait <a rel=\"noreferrer noopener\" href=\"https:\/\/www.service-public.fr\/particuliers\/vosdroits\/F17317\" target=\"_blank\">\u00e9lection de domicile<\/a>).<br><br>La mairie (ou le consulat) vous remettra alors une attestation de recensement <strong>\u00e0 conserver pr\u00e9cieusement<\/strong>. Elle vous sera r\u00e9clam\u00e9e si vous voulez vous inscrire \u00e0 tout examen ou concours soumis au contr\u00f4le de l\u2019autorit\u00e9 publique (CAP, BEP, BAC, permis de conduire, \u2026)<br>Vous devez faire la d\u00e9marche de recensement vous-m\u00eame. Si vous \u00eates mineur, l&rsquo;un de vos parents peut faire cette d\u00e9marche \u00e0 votre place et en votre absence. Vous devez aller \u00e0 la mairie avec les documents suivants\u00a0:<br>        \u2981 livret de famille,<br>        \u2981 carte d\u2019identit\u00e9 du jeune \u00e0 recenser,<br>        \u2981 justificatif de domicile (quittance EDF, T\u00e9l\u00e9com,\u00a0\u2026.)<br><br>L&rsquo;attestation de recensement vous sert \u00e0 prouver que vous avez fait votre recensement citoyen.<br><strong>Pour vous inscrire avant l&rsquo;\u00e2ge de 18 ans \u00e0 un examen (BEP, Baccalaur\u00e9at\u2026) ou concours<\/strong> soumis au contr\u00f4le de l&rsquo;autorit\u00e9 publique fran\u00e7aise, vous devez pr\u00e9senter\u00a0l&rsquo;un des documents suivants\u00a0:<br>         \u2981 Attestation de recensement<br>         \u2981 Ou, si vous avez perdu votre attestation ou si elle vous a \u00e9t\u00e9 vol\u00e9e, attestation de situation administrative (\u00e0 demander \u00e0 votre centre de service national)<br>         \u2981 Ou, si vous l&rsquo;avez d\u00e9j\u00e0, un document prouvant votre situation concernant la <a href=\"https:\/\/www.service-public.fr\/particuliers\/vosdroits\/F871\" target=\"_blank\" rel=\"noreferrer noopener\">journ\u00e9e d\u00e9fense citoyennet\u00e9 (JDC)<\/a>. Il peut s&rsquo;agir de votre certificat individuel de participation \u00e0 la JDC ou de votre attestation individuelle d&rsquo;exemption \u00e0 la JDC.<br><br>Apr\u00e8s le recensement citoyen et aussi longtemps que vous n&rsquo;avez pas 25 ans, vous devez informer votre centre du service national et de la jeunesse (CSNJ) de tout changement de votre situation\u00a0:<br>         \u2981 Changement de domicile. Toute absence du domicile habituel pour une dur\u00e9e de plus de 4 mois doit \u00e9galement \u00eatre signal\u00e9e.<br>         \u2981 Changement de situation familiale<br>         \u2981 Changement de situation professionnelle<\/p>\n","protected":false},"excerpt":{"rendered":"<p>Depuis janvier 1999, tous les jeunes fran\u00e7ais, gar\u00e7ons et filles, doivent se faire recenser \u00e0 la Mairie de leur domicile, ou au consulat s\u2019ils r\u00e9sident \u00e0 l\u2019Etranger. Cette obligation l\u00e9gale est \u00e0 effectuer dans les 3 mois qui suivent le 16\u00e8me anniversaire. Il permet d&rsquo;\u00eatre convoqu\u00e9 \u00e0 la Journ\u00e9e D\u00e9fense&#8230;<\/p>\n<p> <a class=\"continue-reading-link\" href=\"https:\/\/www.saintalbanauriolles.com\/index.php\/recensement-militaire-jdc\/\"><span>Plus<\/span><i class=\"crycon-right-dir\"><\/i><\/a> <\/p>\n","protected":false},"author":1,"featured_media":0,"parent":0,"menu_order":0,"comment_status":"closed","ping_status":"closed","template":"","meta":{"footnotes":""},"class_list":["post-2197","page","type-page","status-publish","hentry"],"_links":{"self":[{"href":"https:\/\/www.saintalbanauriolles.com\/index.php\/wp-json\/wp\/v2\/pages\/2197","targetHints":{"allow":["GET"]}}],"collection":[{"href":"https:\/\/www.saintalbanauriolles.com\/index.php\/wp-json\/wp\/v2\/pages"}],"about":[{"href":"https:\/\/www.saintalbanauriolles.com\/index.php\/wp-json\/wp\/v2\/types\/page"}],"author":[{"embeddable":true,"href":"https:\/\/www.saintalbanauriolles.com\/index.php\/wp-json\/wp\/v2\/users\/1"}],"replies":[{"embeddable":true,"href":"https:\/\/www.saintalbanauriolles.com\/index.php\/wp-json\/wp\/v2\/comments?post=2197"}],"version-history":[{"count":1,"href":"https:\/\/www.saintalbanauriolles.com\/index.php\/wp-json\/wp\/v2\/pages\/2197\/revisions"}],"predecessor-version":[{"id":2198,"href":"https:\/\/www.saintalbanauriolles.com\/index.php\/wp-json\/wp\/v2\/pages\/2197\/revisions\/2198"}],"wp:attachment":[{"href":"https:\/\/www.saintalbanauriolles.com\/index.php\/wp-json\/wp\/v2\/media?parent=2197"}],"curies":[{"name":"wp","href":"https:\/\/api.w.org\/{rel}","templated":true}]}}