{"id":1692,"date":"2021-09-03T18:25:33","date_gmt":"2021-09-03T16:25:33","guid":{"rendered":"https:\/\/www.saintalbanauriolles.com\/?page_id=1692"},"modified":"2021-09-03T18:34:58","modified_gmt":"2021-09-03T16:34:58","slug":"garderie","status":"publish","type":"page","link":"https:\/\/www.saintalbanauriolles.com\/index.php\/garderie\/","title":{"rendered":"Garderie p\u00e9riscolaire"},"content":{"rendered":"\n<p>Le service de garderie est communale.<br>Les inscriptions et les paiements s&rsquo;effectuent \u00e0 l&rsquo;agence postale du village.<\/p>\n\n\n\n<h2 class=\"wp-block-heading\">Horaires d&rsquo;accueil et tarifs:<\/h2>\n\n\n\n<figure class=\"wp-block-table is-style-stripes\"><table><tbody><tr><td>Le matin <\/td><td>7h30 \u00e0 8h50<\/td><td>1 euro par famille<\/td><\/tr><tr><td>Le midi<\/td><td>12h00 \u00e0 13h20<\/td><td>Gratuit<\/td><\/tr><tr><td>Le soir<\/td><td>16h30 \u00e0 18h30<\/td><td>1 euro par famille <\/td><\/tr><\/tbody><\/table><\/figure>\n","protected":false},"excerpt":{"rendered":"<p>Le service de garderie est communale.Les inscriptions et les paiements s&rsquo;effectuent \u00e0 l&rsquo;agence postale du village. Horaires d&rsquo;accueil et tarifs: Le matin 7h30 \u00e0 8h50 1 euro par famille Le midi 12h00 \u00e0 13h20 Gratuit Le soir 16h30 \u00e0 18h30 1 euro par famille<\/p>\n<p> <a class=\"continue-reading-link\" href=\"https:\/\/www.saintalbanauriolles.com\/index.php\/garderie\/\"><span>Plus<\/span><i class=\"crycon-right-dir\"><\/i><\/a> <\/p>\n","protected":false},"author":1,"featured_media":0,"parent":0,"menu_order":0,"comment_status":"closed","ping_status":"closed","template":"","meta":{"footnotes":""},"class_list":["post-1692","page","type-page","status-publish","hentry"],"_links":{"self":[{"href":"https:\/\/www.saintalbanauriolles.com\/index.php\/wp-json\/wp\/v2\/pages\/1692","targetHints":{"allow":["GET"]}}],"collection":[{"href":"https:\/\/www.saintalbanauriolles.com\/index.php\/wp-json\/wp\/v2\/pages"}],"about":[{"href":"https:\/\/www.saintalbanauriolles.com\/index.php\/wp-json\/wp\/v2\/types\/page"}],"author":[{"embeddable":true,"href":"https:\/\/www.saintalbanauriolles.com\/index.php\/wp-json\/wp\/v2\/users\/1"}],"replies":[{"embeddable":true,"href":"https:\/\/www.saintalbanauriolles.com\/index.php\/wp-json\/wp\/v2\/comments?post=1692"}],"version-history":[{"count":3,"href":"https:\/\/www.saintalbanauriolles.com\/index.php\/wp-json\/wp\/v2\/pages\/1692\/revisions"}],"predecessor-version":[{"id":1696,"href":"https:\/\/www.saintalbanauriolles.com\/index.php\/wp-json\/wp\/v2\/pages\/1692\/revisions\/1696"}],"wp:attachment":[{"href":"https:\/\/www.saintalbanauriolles.com\/index.php\/wp-json\/wp\/v2\/media?parent=1692"}],"curies":[{"name":"wp","href":"https:\/\/api.w.org\/{rel}","templated":true}]}}