{"id":144,"date":"2020-09-14T12:12:59","date_gmt":"2020-09-14T10:12:59","guid":{"rendered":"https:\/\/www.saintalbanauriolles.com\/?page_id=144"},"modified":"2025-11-24T17:41:33","modified_gmt":"2025-11-24T16:41:33","slug":"les-associations","status":"publish","type":"page","link":"https:\/\/www.saintalbanauriolles.com\/index.php\/les-associations\/","title":{"rendered":"Les associations"},"content":{"rendered":"\n<p><em>Des tables et des bancs peuvent \u00eatre mis \u00e0 la disposition de toutes les associations de la commune qui en feront la demande au moins 15 jours avant la date de l\u2019\u00e9v\u00e9nement. Retrouvez le formulaire de demande de pr\u00eat <\/em><a href=\"https:\/\/www.saintalbanauriolles.com\/wp-content\/uploads\/2022\/08\/doc01865020220802142733.pdf\" target=\"_blank\" rel=\"noreferrer noopener\">ICI<\/a><\/p>\n\n\n\n<figure class=\"wp-block-table is-style-stripes\"><table><tbody><tr><td><strong><a href=\"https:\/\/randaardesca.fr\/\" target=\"_blank\" rel=\"noreferrer noopener\">Randa Ardesca<\/a> <\/strong>(arch\u00e9o-site \/ village gaulois)<br>T\u00e9l: 06 71 04 36 58<br>Mail: <a rel=\"noreferrer noopener\" href=\"mailto:archeosite07@gmail.com\" target=\"_blank\">archeosite07@gmail.com<\/a><\/td><td><strong>ASA<\/strong> (gestion eau d&rsquo;irrigation)<br>145 rue du Chazal<br>T\u00e9l: 06 78 90 07 84<br>Mail: <a href=\"mailto:asadelaplaine07@gmail.com\" target=\"_blank\" rel=\"noreferrer noopener\">asadelaplaine07@gmail.com<\/a><\/td><\/tr><tr><td><strong>Au chevet des Dolmens<\/strong> (patrimoine)<br>T\u00e9l: 06 31 61 58 77<br><\/td><td><strong>Blue Night Country<\/strong> (danse)<br>Mail: <a href=\"mailto:bluenightcountry@gmail.com\" target=\"_blank\" rel=\"noreferrer noopener\">bluenightcountry@gmail.com<\/a><\/td><\/tr><tr><td><strong>Chasse<\/strong><br>T\u00e9l: 06 42 53 05 96<br><\/td><td><strong>Chemins faisant<\/strong> (pr\u00e9servation de la faune et de la flore)<br>T\u00e9l: 06 43 84 32 55<br>Mail: <a href=\"mailto:recorbet.jean-marc@orange.fr\" target=\"_blank\" rel=\"noreferrer noopener\">recorbet.jean-marc@orange.fr<\/a><\/td><\/tr><tr><td><strong>ADYPA <\/strong>(association pour le d\u00e9veloppement du yoga en Ard\u00e8che)<br>T\u00e9l: 06 0757 65 52<br>Mail: <a href=\"mailto:christelle.wurms@oumpahpah.fr\" target=\"_blank\" rel=\"noreferrer noopener\">christelle.wurms@oumpahpah.fr<\/a><\/td><td><strong>Les 3 Rivi\u00e8res<\/strong> (<strong>Club Rencontre<\/strong>)<br>T\u00e9l: 09 71 21 17 40<br>Mail: ceccaldi.morino@orange.fr<\/td><\/tr><tr><td><strong>D\u00e9tente et Cr\u00e9ation<\/strong> (pratique culturelle et artistique)<br>T\u00e9l: 04 75 35 28 41<br>Mail: <a href=\"mailto:monique.mullot@wanadoo.fr\" target=\"_blank\" rel=\"noreferrer noopener\">monique.mullot@wanadoo.fr<\/a><\/td><td><strong>Ensemble et avec soi<\/strong> (Bien \u00eatre)<br>T\u00e9l: 06 48 41 58 80<\/td><\/tr><tr><td><strong>Comit\u00e9 des f\u00eates de Saint-Alban-Auriolles<\/strong><br>Mail: <a rel=\"noreferrer noopener\" href=\"mailto:comfetestalb@gmail.com\" target=\"_blank\">comfetestalb@gmail.com<\/a><\/td><td><strong>L&rsquo;Atelier de verre<\/strong><br>T\u00e9l: 06 83 17 44 56<br>Mail: <a rel=\"noreferrer noopener\" href=\"mailto:latelierdeverre@gmail.com\" target=\"_blank\">latelierdeverre@gmail.com<\/a><\/td><\/tr><tr><td><strong>Les enfants d&rsquo;abord<\/strong> (Association des parents d&rsquo;\u00e9l\u00e8ves)<br>Mail: <a href=\"mailto:assolesenfantsdabord07120@gmail.com\" target=\"_blank\" rel=\"noreferrer noopener\">assolesenfantsdabord07120@gmail.com<\/a><\/td><td><strong><a rel=\"noreferrer noopener\" href=\"http:\/\/ara07.r-e-f.org\/index.html\" target=\"_blank\">ARA 07<\/a><\/strong> (Radioamateurs ard\u00e9chois)<br>T\u00e9l: 06 12 51 88 15<br>Mail: <a rel=\"noreferrer noopener\" href=\"mailto:f6dfz@free.fr\" target=\"_blank\">f6dfz@free.fr<\/a><\/td><\/tr><tr><td><strong><a href=\"https:\/\/locampane.fr\/\" target=\"_blank\" rel=\"noreferrer noopener\">Lo Campan\u00e9<\/a><\/strong> (Journal de la vie associative et villageoise)<br>Mail: <a rel=\"noreferrer noopener\" href=\"mailto:locampane.ardeche@gmail.com\" target=\"_blank\">locampane.ardeche@gmail.com<\/a><\/td><td><strong>P\u00e9tanque Saint Albanaise<\/strong><br>T\u00e9l: 06 13 59 78 12<br>Mail: <a href=\"mailto:billon.smvtc@sfr.fr\" target=\"_blank\" rel=\"noreferrer noopener\">billon.smvtc@sfr.fr<\/a><\/td><\/tr><tr><td><strong>Sud Ard\u00e8che tout terrain<\/strong> (club moto)<br>T\u00e9l: 06 49 19 07 40<br>Mail: <a href=\"mailto:sudardechett@gmail.com\" target=\"_blank\" rel=\"noreferrer noopener\">sudardechett@gmail.com<\/a><\/td><td><strong>ESSAAG<\/strong> (Football)<br>T\u00e9l: 04 75 39 03 00<br><a rel=\"noreferrer noopener\" href=\"fguigon07@gmail.fr\" target=\"_blank\">Mail: fguigon07@gmail.fr<\/a><\/td><\/tr><tr><td><strong>ADMR<\/strong><br>T\u00e9l: 06 61 84 58 68<br><a rel=\"noreferrer noopener\" href=\"bas.vivarais@fede07.admr.org\" target=\"_blank\">Mail: bas.vivarais@fede07.admr.org<\/a><\/td><td><strong>Ensemble c&rsquo;est tout<\/strong><br>T\u00e9l: 06 25 67 01 28<br>Mail: <a rel=\"noreferrer noopener\" href=\"mailto:m.piva@laposte.net\" target=\"_blank\">m.piva@laposte.net<\/a><\/td><\/tr><tr><td><strong>Art en vo\u00fbte&nbsp;<\/strong><br>T\u00e9l: 06 30 72 98 96<br>Mail: <a rel=\"noreferrer noopener\" href=\"mailto:art.en.voute@gmail.com\" target=\"_blank\">art.en.voute@gmail.com<\/a><br>Pour exposer \u00e0 la galerie: <a rel=\"noreferrer noopener\" href=\"https:\/\/www.saintalbanauriolles.com\/wp-content\/uploads\/2024\/11\/Art-en-voute-Dossier-de-candidature-saison-2025.pdf\" target=\"_blank\">Dossier de candidature<\/a><\/td><td><strong>Hellodance<\/strong> (Zumba)<br>Mail: <a rel=\"noreferrer noopener\" href=\"mailto:z.hellodance@gmail.com\" target=\"_blank\">z.hellodance@gmail.com<\/a><br><\/td><\/tr><tr><td><\/td><td><\/td><\/tr><\/tbody><\/table><\/figure>\n","protected":false},"excerpt":{"rendered":"<p>Des tables et des bancs peuvent \u00eatre mis \u00e0 la disposition de toutes les associations de la commune qui en feront la demande au moins 15 jours avant la date de l\u2019\u00e9v\u00e9nement. Retrouvez le formulaire de demande de pr\u00eat ICI Randa Ardesca (arch\u00e9o-site \/ village gaulois)T\u00e9l: 06 71 04 36&#8230;<\/p>\n<p> <a class=\"continue-reading-link\" href=\"https:\/\/www.saintalbanauriolles.com\/index.php\/les-associations\/\"><span>Plus<\/span><i class=\"crycon-right-dir\"><\/i><\/a> <\/p>\n","protected":false},"author":1,"featured_media":0,"parent":0,"menu_order":0,"comment_status":"closed","ping_status":"closed","template":"","meta":{"footnotes":""},"class_list":["post-144","page","type-page","status-publish","hentry"],"_links":{"self":[{"href":"https:\/\/www.saintalbanauriolles.com\/index.php\/wp-json\/wp\/v2\/pages\/144","targetHints":{"allow":["GET"]}}],"collection":[{"href":"https:\/\/www.saintalbanauriolles.com\/index.php\/wp-json\/wp\/v2\/pages"}],"about":[{"href":"https:\/\/www.saintalbanauriolles.com\/index.php\/wp-json\/wp\/v2\/types\/page"}],"author":[{"embeddable":true,"href":"https:\/\/www.saintalbanauriolles.com\/index.php\/wp-json\/wp\/v2\/users\/1"}],"replies":[{"embeddable":true,"href":"https:\/\/www.saintalbanauriolles.com\/index.php\/wp-json\/wp\/v2\/comments?post=144"}],"version-history":[{"count":38,"href":"https:\/\/www.saintalbanauriolles.com\/index.php\/wp-json\/wp\/v2\/pages\/144\/revisions"}],"predecessor-version":[{"id":4760,"href":"https:\/\/www.saintalbanauriolles.com\/index.php\/wp-json\/wp\/v2\/pages\/144\/revisions\/4760"}],"wp:attachment":[{"href":"https:\/\/www.saintalbanauriolles.com\/index.php\/wp-json\/wp\/v2\/media?parent=144"}],"curies":[{"name":"wp","href":"https:\/\/api.w.org\/{rel}","templated":true}]}}