{"id":131,"date":"2020-09-14T10:28:44","date_gmt":"2020-09-14T08:28:44","guid":{"rendered":"https:\/\/www.saintalbanauriolles.com\/?page_id=131"},"modified":"2024-05-27T18:56:12","modified_gmt":"2024-05-27T16:56:12","slug":"agence-postale-communale-point-information","status":"publish","type":"page","link":"https:\/\/www.saintalbanauriolles.com\/index.php\/agence-postale-communale-point-information\/","title":{"rendered":"La poste"},"content":{"rendered":"\n<h2 class=\"wp-block-heading\"><strong><span class=\"has-inline-color has-light-green-cyan-color\">Agence Postale Communale\/Point presse\/ Point information<\/span><\/strong><\/h2>\n\n\n\n<figure class=\"wp-block-table\"><table><tbody><tr><td>Avenue Pasteur<br>07120 Saint Alban Auriolles<br>Tel: 04 75 89 32 04<br><br><strong>Les services d&rsquo;informations <\/strong>( h\u00e9bergements et activit\u00e9s de la commune, visites \u00e0 faire aux alentours, topos-guides, carte IGN ard\u00e9choise, plan de la commune, brochures touristiques, acc\u00e8s internet) <strong>et de presse<\/strong> ( journaux, magazine&#8230;) <strong>sont ouverts pendant ces m\u00eame horaires<\/strong>.<\/td><td><img decoding=\"async\" src=\"https:\/\/www.saintalbanauriolles.com\/wp-content\/uploads\/2020\/09\/IMG_20200924_102827-768x1024.jpg\" alt=\"L\u2019attribut alt de cette image est vide, son nom de fichier est IMG_20200924_102827-768x1024.jpg.\" style=\"width: 1px;\"><img loading=\"lazy\" decoding=\"async\" src=\"https:\/\/www.saintalbanauriolles.com\/wp-content\/uploads\/2020\/09\/IMG_20200924_102827-768x1024.jpg\" alt=\"\" width=\"187\" height=\"249\"><br>Marylise est l\u00e0 pour affranchir vos envois!<\/td><\/tr><\/tbody><\/table><\/figure>\n\n\n\n<p class=\"has-normal-font-size\">Horaires:<\/p>\n\n\n\n<figure class=\"wp-block-table is-style-stripes\"><table><tbody><tr><td>Lundi<\/td><td class=\"has-text-align-left\" data-align=\"left\">8h30 -12h<\/td><td class=\"has-text-align-left\" data-align=\"left\">13h30-16h30<\/td><\/tr><tr><td>Mardi<\/td><td class=\"has-text-align-left\" data-align=\"left\">8h30 -12h<\/td><td class=\"has-text-align-left\" data-align=\"left\">13h30-16h30<\/td><\/tr><tr><td>Mercredi<\/td><td class=\"has-text-align-left\" data-align=\"left\">8h30 -12h<\/td><td class=\"has-text-align-left\" data-align=\"left\"><\/td><\/tr><tr><td>Jeudi<\/td><td class=\"has-text-align-left\" data-align=\"left\">8h30 -12h<\/td><td class=\"has-text-align-left\" data-align=\"left\">13h30-16h30<\/td><\/tr><tr><td>Vendredi<\/td><td class=\"has-text-align-left\" data-align=\"left\">8h30 -12h<\/td><td class=\"has-text-align-left\" data-align=\"left\"><\/td><\/tr><tr><td>Samedi<\/td><td class=\"has-text-align-left\" data-align=\"left\">9h -12h<br><em>Ferm\u00e9 le dernier samedi de chaque mois<\/em><\/td><td class=\"has-text-align-left\" data-align=\"left\"><\/td><\/tr><\/tbody><\/table><\/figure>\n","protected":false},"excerpt":{"rendered":"<p>Agence Postale Communale\/Point presse\/ Point information Avenue Pasteur07120 Saint Alban AuriollesTel: 04 75 89 32 04 Les services d&rsquo;informations ( h\u00e9bergements et activit\u00e9s de la commune, visites \u00e0 faire aux alentours, topos-guides, carte IGN ard\u00e9choise, plan de la commune, brochures touristiques, acc\u00e8s internet) et de presse ( journaux, magazine&#8230;) sont&#8230;<\/p>\n<p> <a class=\"continue-reading-link\" href=\"https:\/\/www.saintalbanauriolles.com\/index.php\/agence-postale-communale-point-information\/\"><span>Plus<\/span><i class=\"crycon-right-dir\"><\/i><\/a> <\/p>\n","protected":false},"author":1,"featured_media":0,"parent":0,"menu_order":0,"comment_status":"closed","ping_status":"closed","template":"","meta":{"footnotes":""},"class_list":["post-131","page","type-page","status-publish","hentry"],"_links":{"self":[{"href":"https:\/\/www.saintalbanauriolles.com\/index.php\/wp-json\/wp\/v2\/pages\/131","targetHints":{"allow":["GET"]}}],"collection":[{"href":"https:\/\/www.saintalbanauriolles.com\/index.php\/wp-json\/wp\/v2\/pages"}],"about":[{"href":"https:\/\/www.saintalbanauriolles.com\/index.php\/wp-json\/wp\/v2\/types\/page"}],"author":[{"embeddable":true,"href":"https:\/\/www.saintalbanauriolles.com\/index.php\/wp-json\/wp\/v2\/users\/1"}],"replies":[{"embeddable":true,"href":"https:\/\/www.saintalbanauriolles.com\/index.php\/wp-json\/wp\/v2\/comments?post=131"}],"version-history":[{"count":18,"href":"https:\/\/www.saintalbanauriolles.com\/index.php\/wp-json\/wp\/v2\/pages\/131\/revisions"}],"predecessor-version":[{"id":3951,"href":"https:\/\/www.saintalbanauriolles.com\/index.php\/wp-json\/wp\/v2\/pages\/131\/revisions\/3951"}],"wp:attachment":[{"href":"https:\/\/www.saintalbanauriolles.com\/index.php\/wp-json\/wp\/v2\/media?parent=131"}],"curies":[{"name":"wp","href":"https:\/\/api.w.org\/{rel}","templated":true}]}}