{"id":1217,"date":"2021-03-22T15:17:13","date_gmt":"2021-03-22T14:17:13","guid":{"rendered":"https:\/\/www.saintalbanauriolles.com\/?page_id=1217"},"modified":"2025-02-24T09:48:46","modified_gmt":"2025-02-24T08:48:46","slug":"menus","status":"publish","type":"page","link":"https:\/\/www.saintalbanauriolles.com\/index.php\/menus\/","title":{"rendered":"Menus"},"content":{"rendered":"\n<p><a rel=\"noreferrer noopener\" href=\"https:\/\/plein-sud-restauration.com\/\" target=\"_blank\">Plein sud restauration<\/a> est en charge de la pr\u00e9paration et de la livraison journali\u00e8re des repas de la cantine scolaire.<\/p>\n\n\n\n<p>Retrouvez les menus mis \u00e0 jour chaque mois <a rel=\"noreferrer noopener\" href=\"https:\/\/plein-sud-restauration.com\/prestations,4\/nos-derniers-menus-scolaire,11.html?p=0&amp;l=186\" target=\"_blank\">ICI<\/a> .<\/p>\n\n\n\n<div class=\"wp-block-image\"><figure class=\"aligncenter size-large\"><img loading=\"lazy\" decoding=\"async\" width=\"204\" height=\"207\" src=\"https:\/\/www.saintalbanauriolles.com\/wp-content\/uploads\/2025\/02\/Capture-decran-2025-02-24-094358.png\" alt=\"\" class=\"wp-image-4395\" srcset=\"https:\/\/www.saintalbanauriolles.com\/wp-content\/uploads\/2025\/02\/Capture-decran-2025-02-24-094358.png 204w, https:\/\/www.saintalbanauriolles.com\/wp-content\/uploads\/2025\/02\/Capture-decran-2025-02-24-094358-148x150.png 148w\" sizes=\"auto, (max-width: 204px) 100vw, 204px\" \/><\/figure><\/div>\n","protected":false},"excerpt":{"rendered":"<p>Plein sud restauration est en charge de la pr\u00e9paration et de la livraison journali\u00e8re des repas de la cantine scolaire. Retrouvez les menus mis \u00e0 jour chaque mois ICI .<\/p>\n<p> <a class=\"continue-reading-link\" href=\"https:\/\/www.saintalbanauriolles.com\/index.php\/menus\/\"><span>Plus<\/span><i class=\"crycon-right-dir\"><\/i><\/a> <\/p>\n","protected":false},"author":1,"featured_media":0,"parent":0,"menu_order":0,"comment_status":"closed","ping_status":"closed","template":"","meta":{"footnotes":""},"class_list":["post-1217","page","type-page","status-publish","hentry"],"_links":{"self":[{"href":"https:\/\/www.saintalbanauriolles.com\/index.php\/wp-json\/wp\/v2\/pages\/1217","targetHints":{"allow":["GET"]}}],"collection":[{"href":"https:\/\/www.saintalbanauriolles.com\/index.php\/wp-json\/wp\/v2\/pages"}],"about":[{"href":"https:\/\/www.saintalbanauriolles.com\/index.php\/wp-json\/wp\/v2\/types\/page"}],"author":[{"embeddable":true,"href":"https:\/\/www.saintalbanauriolles.com\/index.php\/wp-json\/wp\/v2\/users\/1"}],"replies":[{"embeddable":true,"href":"https:\/\/www.saintalbanauriolles.com\/index.php\/wp-json\/wp\/v2\/comments?post=1217"}],"version-history":[{"count":41,"href":"https:\/\/www.saintalbanauriolles.com\/index.php\/wp-json\/wp\/v2\/pages\/1217\/revisions"}],"predecessor-version":[{"id":4398,"href":"https:\/\/www.saintalbanauriolles.com\/index.php\/wp-json\/wp\/v2\/pages\/1217\/revisions\/4398"}],"wp:attachment":[{"href":"https:\/\/www.saintalbanauriolles.com\/index.php\/wp-json\/wp\/v2\/media?parent=1217"}],"curies":[{"name":"wp","href":"https:\/\/api.w.org\/{rel}","templated":true}]}}