{"id":1215,"date":"2021-03-22T15:14:49","date_gmt":"2021-03-22T14:14:49","guid":{"rendered":"https:\/\/www.saintalbanauriolles.com\/?page_id=1215"},"modified":"2021-09-03T18:06:24","modified_gmt":"2021-09-03T16:06:24","slug":"tarifs-et-inscriptions","status":"publish","type":"page","link":"https:\/\/www.saintalbanauriolles.com\/index.php\/tarifs-et-inscriptions\/","title":{"rendered":"Tarifs et inscriptions"},"content":{"rendered":"\n<p>Les repas sont pr\u00e9par\u00e9s par <a rel=\"noreferrer noopener\" href=\"https:\/\/www.plein-sud-restauration.com\/\" target=\"_blank\">PLEIN SUD RESTAURATION<\/a>.<br>Tarifs pay\u00e9s par la famille en fonction du quotient familial:<\/p>\n\n\n\n<p>De 0 \u00e0 999 = 1\u20ac<br>De 1000 \u00e0 1300 = 3\u20ac15<br>De 1300 et + = 3\u20ac90<\/p>\n\n\n\n<p>Les inscriptions et les paiements s&rsquo;effectuent \u00e0 l&rsquo;agence postale du village.<br><\/p>\n","protected":false},"excerpt":{"rendered":"<p>Les repas sont pr\u00e9par\u00e9s par PLEIN SUD RESTAURATION.Tarifs pay\u00e9s par la famille en fonction du quotient familial: De 0 \u00e0 999 = 1\u20acDe 1000 \u00e0 1300 = 3\u20ac15De 1300 et + = 3\u20ac90 Les inscriptions et les paiements s&rsquo;effectuent \u00e0 l&rsquo;agence postale du village.<\/p>\n<p> <a class=\"continue-reading-link\" href=\"https:\/\/www.saintalbanauriolles.com\/index.php\/tarifs-et-inscriptions\/\"><span>Plus<\/span><i class=\"crycon-right-dir\"><\/i><\/a> <\/p>\n","protected":false},"author":1,"featured_media":0,"parent":0,"menu_order":0,"comment_status":"closed","ping_status":"closed","template":"","meta":{"footnotes":""},"class_list":["post-1215","page","type-page","status-publish","hentry"],"_links":{"self":[{"href":"https:\/\/www.saintalbanauriolles.com\/index.php\/wp-json\/wp\/v2\/pages\/1215","targetHints":{"allow":["GET"]}}],"collection":[{"href":"https:\/\/www.saintalbanauriolles.com\/index.php\/wp-json\/wp\/v2\/pages"}],"about":[{"href":"https:\/\/www.saintalbanauriolles.com\/index.php\/wp-json\/wp\/v2\/types\/page"}],"author":[{"embeddable":true,"href":"https:\/\/www.saintalbanauriolles.com\/index.php\/wp-json\/wp\/v2\/users\/1"}],"replies":[{"embeddable":true,"href":"https:\/\/www.saintalbanauriolles.com\/index.php\/wp-json\/wp\/v2\/comments?post=1215"}],"version-history":[{"count":5,"href":"https:\/\/www.saintalbanauriolles.com\/index.php\/wp-json\/wp\/v2\/pages\/1215\/revisions"}],"predecessor-version":[{"id":1688,"href":"https:\/\/www.saintalbanauriolles.com\/index.php\/wp-json\/wp\/v2\/pages\/1215\/revisions\/1688"}],"wp:attachment":[{"href":"https:\/\/www.saintalbanauriolles.com\/index.php\/wp-json\/wp\/v2\/media?parent=1215"}],"curies":[{"name":"wp","href":"https:\/\/api.w.org\/{rel}","templated":true}]}}