{"id":1210,"date":"2021-03-22T14:41:30","date_gmt":"2021-03-22T13:41:30","guid":{"rendered":"https:\/\/www.saintalbanauriolles.com\/?page_id=1210"},"modified":"2021-09-03T18:09:46","modified_gmt":"2021-09-03T16:09:46","slug":"presentation","status":"publish","type":"page","link":"https:\/\/www.saintalbanauriolles.com\/index.php\/presentation\/","title":{"rendered":"Pr\u00e9sentation"},"content":{"rendered":"\n<p><strong>\u00c9cole Alphonse Daudet<\/strong><br>20 place Aristide Briand<br>07120 Saint Alban Auriolles<\/p>\n\n\n\n<p>T\u00e9l\u00e9phone \u00e9cole maternelle: 04 75 39 36 30<br>T\u00e9l\u00e9phone \u00e9cole \u00e9l\u00e9mentaire: 04 75 39 06 13<\/p>\n\n\n\n<p>Email : <a href=\"mailto:  ce.0070206L@ac-grenoble.fr\">ce.0070206L@ac-grenoble.fr<\/a><\/p>\n\n\n\n<figure class=\"wp-block-table is-style-stripes\"><table><tbody><tr><td><\/td><td>HORAIRES D&rsquo;OUVERTURE<br>DE L\u2019\u00c9COLE<\/td><td>ACCUEIL<br>DES ENFANTS<\/td><td>FERMETURE DE L\u2019\u00c9COLE<\/td><\/tr><tr><td>MATIN<\/td><td>8H50<\/td><td>DE 8H50 A 9H00<\/td><td>12H<\/td><\/tr><tr><td>SOIR<\/td><td>13H20<\/td><td>13H20 A 13H30<\/td><td>16H30<br><\/td><\/tr><tr><\/tr><\/tbody><\/table><\/figure>\n","protected":false},"excerpt":{"rendered":"<p>\u00c9cole Alphonse Daudet20 place Aristide Briand07120 Saint Alban Auriolles T\u00e9l\u00e9phone \u00e9cole maternelle: 04 75 39 36 30T\u00e9l\u00e9phone \u00e9cole \u00e9l\u00e9mentaire: 04 75 39 06 13 Email : ce.0070206L@ac-grenoble.fr HORAIRES D&rsquo;OUVERTUREDE L\u2019\u00c9COLE ACCUEILDES ENFANTS FERMETURE DE L\u2019\u00c9COLE MATIN 8H50 DE 8H50 A 9H00 12H SOIR 13H20 13H20 A 13H30 16H30<\/p>\n<p> <a class=\"continue-reading-link\" href=\"https:\/\/www.saintalbanauriolles.com\/index.php\/presentation\/\"><span>Plus<\/span><i class=\"crycon-right-dir\"><\/i><\/a> <\/p>\n","protected":false},"author":1,"featured_media":0,"parent":0,"menu_order":0,"comment_status":"closed","ping_status":"closed","template":"","meta":{"footnotes":""},"class_list":["post-1210","page","type-page","status-publish","hentry"],"_links":{"self":[{"href":"https:\/\/www.saintalbanauriolles.com\/index.php\/wp-json\/wp\/v2\/pages\/1210","targetHints":{"allow":["GET"]}}],"collection":[{"href":"https:\/\/www.saintalbanauriolles.com\/index.php\/wp-json\/wp\/v2\/pages"}],"about":[{"href":"https:\/\/www.saintalbanauriolles.com\/index.php\/wp-json\/wp\/v2\/types\/page"}],"author":[{"embeddable":true,"href":"https:\/\/www.saintalbanauriolles.com\/index.php\/wp-json\/wp\/v2\/users\/1"}],"replies":[{"embeddable":true,"href":"https:\/\/www.saintalbanauriolles.com\/index.php\/wp-json\/wp\/v2\/comments?post=1210"}],"version-history":[{"count":3,"href":"https:\/\/www.saintalbanauriolles.com\/index.php\/wp-json\/wp\/v2\/pages\/1210\/revisions"}],"predecessor-version":[{"id":1691,"href":"https:\/\/www.saintalbanauriolles.com\/index.php\/wp-json\/wp\/v2\/pages\/1210\/revisions\/1691"}],"wp:attachment":[{"href":"https:\/\/www.saintalbanauriolles.com\/index.php\/wp-json\/wp\/v2\/media?parent=1210"}],"curies":[{"name":"wp","href":"https:\/\/api.w.org\/{rel}","templated":true}]}}